{"id":5866,"date":"2024-10-31T09:35:33","date_gmt":"2024-10-31T08:35:33","guid":{"rendered":"https:\/\/www.silverfit.com\/politique-en-matiere-de-cookies\/"},"modified":"2025-02-17T16:34:15","modified_gmt":"2025-02-17T15:34:15","slug":"politique-en-matiere-de-cookies","status":"publish","type":"page","link":"https:\/\/www.silverfit.com\/fr\/politique-en-matiere-de-cookies\/","title":{"rendered":"Politique en mati\u00e8re de cookies"},"content":{"rendered":"\t\t<div data-elementor-type=\"wp-page\" data-elementor-id=\"5866\" class=\"elementor elementor-5866 elementor-2116\" data-elementor-post-type=\"page\">\n\t\t\t\t<div class=\"elementor-element elementor-element-de39216 generic-section sf_textwrap_none e-flex e-con-boxed e-con e-child\" data-id=\"de39216\" data-element_type=\"container\" data-e-type=\"container\">\n\t\t\t\t\t<div class=\"e-con-inner\">\n\t\t<div class=\"elementor-element elementor-element-16814ad e-con-full e-flex e-con e-child\" data-id=\"16814ad\" data-element_type=\"container\" data-e-type=\"container\">\n\t\t\t\t<div class=\"elementor-element elementor-element-6a3a474 elementor-widget elementor-widget-heading\" data-id=\"6a3a474\" data-element_type=\"widget\" data-e-type=\"widget\" data-widget_type=\"heading.default\">\n\t\t\t\t<div class=\"elementor-widget-container\">\n\t\t\t\t\t<h1 class=\"elementor-heading-title elementor-size-default\"><u>Politique en mati\u00e8re de cookies<\/u> de SilverFit<\/h1>\t\t\t\t<\/div>\n\t\t\t\t<\/div>\n\t\t\t\t<div class=\"elementor-element elementor-element-aaa987a elementor-widget elementor-widget-jet-listing-dynamic-field\" data-id=\"aaa987a\" data-element_type=\"widget\" data-e-type=\"widget\" data-widget_type=\"jet-listing-dynamic-field.default\">\n\t\t\t\t<div class=\"elementor-widget-container\">\n\t\t\t\t\t<div class=\"jet-listing jet-listing-dynamic-field display-multiline\"><div class=\"jet-listing-dynamic-field__content\" >Derni\u00e8re mise \u00e0 jour : 17 f\u00e9vrier, 2025<\/div><\/div>\t\t\t\t<\/div>\n\t\t\t\t<\/div>\n\t\t\t\t<\/div>\n\t\t<div class=\"elementor-element elementor-element-dca94e3 e-con-full e-flex e-con e-child\" data-id=\"dca94e3\" data-element_type=\"container\" data-e-type=\"container\">\n\t\t\t\t<div class=\"elementor-element elementor-element-c3b1e96 elementor-widget elementor-widget-heading\" data-id=\"c3b1e96\" data-element_type=\"widget\" data-e-type=\"widget\" data-widget_type=\"heading.default\">\n\t\t\t\t<div class=\"elementor-widget-container\">\n\t\t\t\t\t<h5 class=\"elementor-heading-title elementor-size-default\">Que sont les cookies ?<\/h5>\t\t\t\t<\/div>\n\t\t\t\t<\/div>\n\t\t\t\t<div class=\"elementor-element elementor-element-b6a25b5 elementor-widget elementor-widget-text-editor\" data-id=\"b6a25b5\" data-element_type=\"widget\" data-e-type=\"widget\" data-widget_type=\"text-editor.default\">\n\t\t\t\t<div class=\"elementor-widget-container\">\n\t\t\t\t\t\t\t\t\tUn cookie est un petit fichier texte qu&rsquo;un site web place sur le disque dur de votre ordinateur, ordinateur portable, tablette ou t\u00e9l\u00e9phone intelligent d\u00e8s que vous visitez un site web.\n\nIl existe trois cat\u00e9gories de cookies :\n\n<ol>\n<li>Les cookies fonctionnels : ils garantissent le bon fonctionnement de notre site web (par exemple, en tant qu&rsquo;utilisateur de notre site web, vous ne devez pas vous connecter \u00e0 plusieurs reprises).<\/li>\n<li>Les cookies analytiques : ils nous permettent de savoir d&rsquo;o\u00f9 viennent les visiteurs de notre site web et combien de temps ils restent sur certaines pages.<\/li>\n<li>Cookies de suivi : ces cookies marketing permettent de suivre les visiteurs de notre site web sur d&rsquo;autres sites web \u00e9galement (cela permet aux visiteurs du site web de recevoir de la publicit\u00e9 adapt\u00e9e \u00e0 leur comportement de navigation, par exemple).<\/li>\n<\/ol>\nLors de votre premi\u00e8re visite, nous vous demandons l&rsquo;autorisation de placer les diff\u00e9rentes cat\u00e9gories de cookies. Si vous refusez l&rsquo;autorisation de placer des cookies, vous pouvez toujours visiter notre site web. Toutefois, certaines fonctions peuvent alors fonctionner de mani\u00e8re moins agr\u00e9able.\n\nVous pouvez \u00e9galement r\u00e9voquer le consentement accord\u00e9 pour l&rsquo;installation de cookies sur notre site web. Vous trouverez un bouton dans le menu Footer (en bas) de notre site web pour d\u00e9sactiver les cookies.\t\t\t\t\t\t\t\t<\/div>\n\t\t\t\t<\/div>\n\t\t\t\t<\/div>\n\t\t<div class=\"elementor-element elementor-element-b27c623 e-con-full e-flex e-con e-child\" data-id=\"b27c623\" data-element_type=\"container\" data-e-type=\"container\">\n\t\t\t\t<div class=\"elementor-element elementor-element-17ff3ee elementor-widget elementor-widget-heading\" data-id=\"17ff3ee\" data-element_type=\"widget\" data-e-type=\"widget\" data-widget_type=\"heading.default\">\n\t\t\t\t<div class=\"elementor-widget-container\">\n\t\t\t\t\t<h5 class=\"elementor-heading-title elementor-size-default\">Analyse des visiteurs du site web<\/h5>\t\t\t\t<\/div>\n\t\t\t\t<\/div>\n\t\t\t\t<div class=\"elementor-element elementor-element-b7577a2 elementor-widget elementor-widget-text-editor\" data-id=\"b7577a2\" data-element_type=\"widget\" data-e-type=\"widget\" data-widget_type=\"text-editor.default\">\n\t\t\t\t<div class=\"elementor-widget-container\">\n\t\t\t\t\t\t\t\t\tParce que nous aimons savoir qui sont les visiteurs de notre site Web et comment nos visiteurs utilisent le site Web, afin de pouvoir optimiser l&rsquo;utilisation du site Web, nous utilisons Google Analytics. Cela se fait \u00e0 l&rsquo;aide de cookies analytiques. De plus amples informations sur la politique de Google Analytics sont disponibles <a href=\"https:\/\/policies.google.com\/privacy\" target=\"_blank\" rel=\"noopener\">ici<\/a>. Nous n&rsquo;utilisons pas votre comportement de navigation lui-m\u00eame pour vous montrer ult\u00e9rieurement des publicit\u00e9s sur d&rsquo;autres sites Web.\t\t\t\t\t\t\t\t<\/div>\n\t\t\t\t<\/div>\n\t\t\t\t<\/div>\n\t\t<div class=\"elementor-element elementor-element-50101de e-con-full e-flex e-con e-child\" data-id=\"50101de\" data-element_type=\"container\" data-e-type=\"container\">\n\t\t\t\t<div class=\"elementor-element elementor-element-d8d5b67 elementor-widget elementor-widget-heading\" data-id=\"d8d5b67\" data-element_type=\"widget\" data-e-type=\"widget\" data-widget_type=\"heading.default\">\n\t\t\t\t<div class=\"elementor-widget-container\">\n\t\t\t\t\t<h5 class=\"elementor-heading-title elementor-size-default\">Mailchimp<\/h5>\t\t\t\t<\/div>\n\t\t\t\t<\/div>\n\t\t\t\t<div class=\"elementor-element elementor-element-f24a40f elementor-widget elementor-widget-text-editor\" data-id=\"f24a40f\" data-element_type=\"widget\" data-e-type=\"widget\" data-widget_type=\"text-editor.default\">\n\t\t\t\t<div class=\"elementor-widget-container\">\n\t\t\t\t\t\t\t\t\tLorsque vous vous inscrivez \u00e0 notre newsletter, \u00e0 une session de formation ou \u00e0 un \u00e9v\u00e9nement chez SilverFit, vous le faites via un formulaire fourni par Mailchimp. Nous pouvons utiliser les informations que vous laissez ici pour vous envoyer des informations cibl\u00e9es sur ce que vous avez enregistr\u00e9 via le formulaire. Pour plus d&rsquo;informations sur les politiques de Mailchimp, veuillez visiter <a href=\"https:\/\/mailchimp.com\/legal\/data-processing-addendum\/\" target=\"_blank\" rel=\"noopener\">ici<\/a>. Si nous vous envoyons une newsletter via Mailchimp, nous serons avertis lorsque vous l&rsquo;aurez ouverte. Nous pouvons \u00e9galement voir quels articles vous consultez. Cela nous aide \u00e0 am\u00e9liorer les informations que nous vous envoyons.\t\t\t\t\t\t\t\t<\/div>\n\t\t\t\t<\/div>\n\t\t\t\t<\/div>\n\t\t<div class=\"elementor-element elementor-element-6bb1d88 e-con-full e-flex e-con e-child\" data-id=\"6bb1d88\" data-element_type=\"container\" data-e-type=\"container\">\n\t\t\t\t<div class=\"elementor-element elementor-element-73189fd elementor-widget elementor-widget-heading\" data-id=\"73189fd\" data-element_type=\"widget\" data-e-type=\"widget\" data-widget_type=\"heading.default\">\n\t\t\t\t<div class=\"elementor-widget-container\">\n\t\t\t\t\t<h5 class=\"elementor-heading-title elementor-size-default\">M\u00e9dias sociaux<\/h5>\t\t\t\t<\/div>\n\t\t\t\t<\/div>\n\t\t\t\t<div class=\"elementor-element elementor-element-8a63ef2 elementor-widget elementor-widget-text-editor\" data-id=\"8a63ef2\" data-element_type=\"widget\" data-e-type=\"widget\" data-widget_type=\"text-editor.default\">\n\t\t\t\t<div class=\"elementor-widget-container\">\n\t\t\t\t\t\t\t\t\tNous souhaitons vous permettre de partager le plus facilement possible le contenu de notre site web via les m\u00e9dias sociaux. Vous pouvez le faire au moyen d&rsquo;un certain nombre de boutons de m\u00e9dias sociaux. Nous avons plac\u00e9 les boutons des canaux de m\u00e9dias sociaux suivants. Veuillez lire les d\u00e9clarations de confidentialit\u00e9 des canaux de m\u00e9dias sociaux respectifs pour savoir comment ils traitent la confidentialit\u00e9. Nous vous aidons dans votre d\u00e9marche en partageant les liens vers les diff\u00e9rentes d\u00e9clarations de confidentialit\u00e9 ci-dessous : <a href=\"https:\/\/www.facebook.com\/privacy\/policy\/?entry_point=data_policy_redirect&amp;entry=0\" target=\"_blank\" rel=\"noopener\">Facebook<\/a>, <a href=\"https:\/\/nl.linkedin.com\/legal\/privacy-policy?\" target=\"_blank\" rel=\"noopener\">LinkedIn<\/a>. Si vous \u00e9crivez des commentaires sur les pages des m\u00e9dias sociaux de SilverFit, nous vous en sommes tr\u00e8s reconnaissants. Ces commentaires sont publics et peuvent g\u00e9n\u00e9ralement \u00eatre lus par n&rsquo;importe qui. Si vous regrettez un tel commentaire, vous pouvez \u00e9galement le supprimer vous-m\u00eame.\t\t\t\t\t\t\t\t<\/div>\n\t\t\t\t<\/div>\n\t\t\t\t<\/div>\n\t\t<div class=\"elementor-element elementor-element-6ad1452 e-con-full e-flex e-con e-child\" data-id=\"6ad1452\" data-element_type=\"container\" data-e-type=\"container\">\n\t\t\t\t<div class=\"elementor-element elementor-element-08644fd elementor-widget elementor-widget-heading\" data-id=\"08644fd\" data-element_type=\"widget\" data-e-type=\"widget\" data-widget_type=\"heading.default\">\n\t\t\t\t<div class=\"elementor-widget-container\">\n\t\t\t\t\t<h5 class=\"elementor-heading-title elementor-size-default\">D\u00e9sactiver ou supprimer les cookies<\/h5>\t\t\t\t<\/div>\n\t\t\t\t<\/div>\n\t\t\t\t<div class=\"elementor-element elementor-element-eb68c51 elementor-widget elementor-widget-text-editor\" data-id=\"eb68c51\" data-element_type=\"widget\" data-e-type=\"widget\" data-widget_type=\"text-editor.default\">\n\t\t\t\t<div class=\"elementor-widget-container\">\n\t\t\t\t\t\t\t\t\tVoulez-vous d\u00e9sactiver ou supprimer les cookies ? Vous pouvez le faire dans les param\u00e8tres de votre navigateur. Si n\u00e9cessaire, utilisez la fonction d&rsquo;aide de votre navigateur pour savoir comment proc\u00e9der. Vous trouverez de plus amples explications sur la mani\u00e8re de d\u00e9sactiver les cookies sur le site web <a href=\"https:\/\/www.youronlinechoices.com\/be-nl\/\" target=\"_blank\" rel=\"noopener\">Your Online Choices<\/a>..\t\t\t\t\t\t\t\t<\/div>\n\t\t\t\t<\/div>\n\t\t\t\t<\/div>\n\t\t<div class=\"elementor-element elementor-element-4dfd575 e-con-full e-flex e-con e-child\" data-id=\"4dfd575\" data-element_type=\"container\" data-e-type=\"container\">\n\t\t\t\t<div class=\"elementor-element elementor-element-3587a93 elementor-widget elementor-widget-heading\" data-id=\"3587a93\" data-element_type=\"widget\" data-e-type=\"widget\" data-widget_type=\"heading.default\">\n\t\t\t\t<div class=\"elementor-widget-container\">\n\t\t\t\t\t<h5 class=\"elementor-heading-title elementor-size-default\">Liens<\/h5>\t\t\t\t<\/div>\n\t\t\t\t<\/div>\n\t\t\t\t<div class=\"elementor-element elementor-element-4824bf8 elementor-widget elementor-widget-text-editor\" data-id=\"4824bf8\" data-element_type=\"widget\" data-e-type=\"widget\" data-widget_type=\"text-editor.default\">\n\t\t\t\t<div class=\"elementor-widget-container\">\n\t\t\t\t\t\t\t\t\t<p>Sur notre site web, vous trouverez des liens vers des sites web externes. En cliquant sur un lien, vous acc\u00e9derez \u00e0 un site web ext\u00e9rieur \u00e0 SilverFit. Ces sites web externes peuvent utiliser des cookies. Veuillez consulter la d\u00e9claration relative aux cookies ou \u00e0 la protection de la vie priv\u00e9e du site web en question.<\/p>\n\t\t\t\t\t\t\t\t<\/div>\n\t\t\t\t<\/div>\n\t\t\t\t<\/div>\n\t\t\t\t\t<\/div>\n\t\t\t\t<\/div>\n\t\t\t\t<\/div>\n\t\t","protected":false},"excerpt":{"rendered":"<p>Politique en mati\u00e8re de cookies de SilverFit Derni\u00e8re mise \u00e0 jour : 23 januari, 2025 Que sont les cookies ? Un cookie est un petit fichier texte qu&rsquo;un site web place sur le disque dur de votre ordinateur, ordinateur portable, tablette ou t\u00e9l\u00e9phone intelligent d\u00e8s que vous visitez un site web. Il existe trois cat\u00e9gories [&hellip;]<\/p>\n","protected":false},"author":1,"featured_media":0,"parent":0,"menu_order":0,"comment_status":"closed","ping_status":"closed","template":"","meta":{"footnotes":""},"categories":[],"class_list":["post-5866","page","type-page","status-publish","hentry"],"_links":{"self":[{"href":"https:\/\/www.silverfit.com\/fr\/wp-json\/wp\/v2\/pages\/5866","targetHints":{"allow":["GET"]}}],"collection":[{"href":"https:\/\/www.silverfit.com\/fr\/wp-json\/wp\/v2\/pages"}],"about":[{"href":"https:\/\/www.silverfit.com\/fr\/wp-json\/wp\/v2\/types\/page"}],"author":[{"embeddable":true,"href":"https:\/\/www.silverfit.com\/fr\/wp-json\/wp\/v2\/users\/1"}],"replies":[{"embeddable":true,"href":"https:\/\/www.silverfit.com\/fr\/wp-json\/wp\/v2\/comments?post=5866"}],"version-history":[{"count":0,"href":"https:\/\/www.silverfit.com\/fr\/wp-json\/wp\/v2\/pages\/5866\/revisions"}],"wp:attachment":[{"href":"https:\/\/www.silverfit.com\/fr\/wp-json\/wp\/v2\/media?parent=5866"}],"wp:term":[{"taxonomy":"category","embeddable":true,"href":"https:\/\/www.silverfit.com\/fr\/wp-json\/wp\/v2\/categories?post=5866"}],"curies":[{"name":"wp","href":"https:\/\/api.w.org\/{rel}","templated":true}]}}