{"id":5816,"date":"2024-09-07T06:25:25","date_gmt":"2024-09-07T04:25:25","guid":{"rendered":"https:\/\/www.silverfit.com\/politique-de-confidentialite\/"},"modified":"2025-02-18T16:20:00","modified_gmt":"2025-02-18T15:20:00","slug":"politique-de-confidentialite","status":"publish","type":"page","link":"https:\/\/www.silverfit.com\/fr\/politique-de-confidentialite\/","title":{"rendered":"Politique de confidentialit\u00e9"},"content":{"rendered":"\t\t<div data-elementor-type=\"wp-page\" data-elementor-id=\"5816\" class=\"elementor elementor-5816 elementor-3\" data-elementor-post-type=\"page\">\n\t\t\t\t<div class=\"elementor-element elementor-element-e57cdc9 generic-section sf_textwrap_none e-flex e-con-boxed e-con e-child\" data-id=\"e57cdc9\" data-element_type=\"container\" data-e-type=\"container\">\n\t\t\t\t\t<div class=\"e-con-inner\">\n\t\t<div class=\"elementor-element elementor-element-a8f0867 e-con-full e-flex e-con e-child\" data-id=\"a8f0867\" data-element_type=\"container\" data-e-type=\"container\">\n\t\t\t\t<div class=\"elementor-element elementor-element-96338d3 elementor-widget elementor-widget-heading\" data-id=\"96338d3\" data-element_type=\"widget\" data-e-type=\"widget\" data-widget_type=\"heading.default\">\n\t\t\t\t<div class=\"elementor-widget-container\">\n\t\t\t\t\t<h1 class=\"elementor-heading-title elementor-size-default\"><u>Politique de confidentialit\u00e9<\/u> de SilverFit<\/h1>\t\t\t\t<\/div>\n\t\t\t\t<\/div>\n\t\t\t\t<div class=\"elementor-element elementor-element-18552ad elementor-widget elementor-widget-jet-listing-dynamic-field\" data-id=\"18552ad\" data-element_type=\"widget\" data-e-type=\"widget\" data-widget_type=\"jet-listing-dynamic-field.default\">\n\t\t\t\t<div class=\"elementor-widget-container\">\n\t\t\t\t\t<div class=\"jet-listing jet-listing-dynamic-field display-multiline\"><div class=\"jet-listing-dynamic-field__content\" >Derni\u00e8re mise \u00e0 jour : 18 f\u00e9vrier, 2025<\/div><\/div>\t\t\t\t<\/div>\n\t\t\t\t<\/div>\n\t\t\t\t<\/div>\n\t\t<div class=\"elementor-element elementor-element-2ab65d7 e-con-full e-flex e-con e-child\" data-id=\"2ab65d7\" data-element_type=\"container\" data-e-type=\"container\">\n\t\t\t\t<div class=\"elementor-element elementor-element-5c57843 elementor-widget elementor-widget-heading\" data-id=\"5c57843\" data-element_type=\"widget\" data-e-type=\"widget\" data-widget_type=\"heading.default\">\n\t\t\t\t<div class=\"elementor-widget-container\">\n\t\t\t\t\t<h5 class=\"elementor-heading-title elementor-size-default\">A propos de nous<\/h5>\t\t\t\t<\/div>\n\t\t\t\t<\/div>\n\t\t\t\t<div class=\"elementor-element elementor-element-187e9b3 elementor-widget elementor-widget-text-editor\" data-id=\"187e9b3\" data-element_type=\"widget\" data-e-type=\"widget\" data-widget_type=\"text-editor.default\">\n\t\t\t\t<div class=\"elementor-widget-container\">\n\t\t\t\t\t\t\t\t\t<p>Le site web https:\/\/www.silverfit.com est exploit\u00e9 par SilverFit BV.<\/p><p>Nos coordonn\u00e9es sont les suivantes<br \/>SilverFit BV<br \/>Edisonweg 7<br \/>3442 AC Woerden<br \/>Chambre de commerce : 24438852<\/p>\t\t\t\t\t\t\t\t<\/div>\n\t\t\t\t<\/div>\n\t\t\t\t<\/div>\n\t\t<div class=\"elementor-element elementor-element-8548612 e-con-full e-flex e-con e-child\" data-id=\"8548612\" data-element_type=\"container\" data-e-type=\"container\">\n\t\t\t\t<div class=\"elementor-element elementor-element-4f67e3b elementor-widget elementor-widget-heading\" data-id=\"4f67e3b\" data-element_type=\"widget\" data-e-type=\"widget\" data-widget_type=\"heading.default\">\n\t\t\t\t<div class=\"elementor-widget-container\">\n\t\t\t\t\t<h5 class=\"elementor-heading-title elementor-size-default\">Quelles sont les donn\u00e9es collect\u00e9es ?<\/h5>\t\t\t\t<\/div>\n\t\t\t\t<\/div>\n\t\t\t\t<div class=\"elementor-element elementor-element-eed1d64 elementor-widget elementor-widget-text-editor\" data-id=\"eed1d64\" data-element_type=\"widget\" data-e-type=\"widget\" data-widget_type=\"text-editor.default\">\n\t\t\t\t<div class=\"elementor-widget-container\">\n\t\t\t\t\t\t\t\t\t<p>Lorsque vous vous inscrivez en ligne \u00e0 notre lettre d&rsquo;information ou \u00e0 un \u00e9v\u00e9nement, que vous remplissez notre formulaire de contact, que vous demandez un devis ou que vous faites d&rsquo;autres demandes pour l&rsquo;un de nos services, il vous sera demand\u00e9 de fournir des donn\u00e9es. Dans ce cas, nous ne traitons que les donn\u00e9es que vous nous fournissez vous-m\u00eame. Nous stockons ces donn\u00e9es dans une base de donn\u00e9es.<\/p>\n\t\t\t\t\t\t\t\t<\/div>\n\t\t\t\t<\/div>\n\t\t\t\t<\/div>\n\t\t<div class=\"elementor-element elementor-element-e8d9a0f e-con-full e-flex e-con e-child\" data-id=\"e8d9a0f\" data-element_type=\"container\" data-e-type=\"container\">\n\t\t\t\t<div class=\"elementor-element elementor-element-1aac231 elementor-widget elementor-widget-heading\" data-id=\"1aac231\" data-element_type=\"widget\" data-e-type=\"widget\" data-widget_type=\"heading.default\">\n\t\t\t\t<div class=\"elementor-widget-container\">\n\t\t\t\t\t<h5 class=\"elementor-heading-title elementor-size-default\">Dans quel but utilisons-nous les donn\u00e9es personnelles ?<\/h5>\t\t\t\t<\/div>\n\t\t\t\t<\/div>\n\t\t\t\t<div class=\"elementor-element elementor-element-5872355 elementor-widget elementor-widget-text-editor\" data-id=\"5872355\" data-element_type=\"widget\" data-e-type=\"widget\" data-widget_type=\"text-editor.default\">\n\t\t\t\t<div class=\"elementor-widget-container\">\n\t\t\t\t\t\t\t\t\tLes donn\u00e9es sont collect\u00e9es et stock\u00e9es aux fins suivantes :\r\n<ul>\r\n \t<li>Nous utilisons vos donn\u00e9es aux fins pour lesquelles vous nous les avez communiqu\u00e9es, par exemple pour pr\u00e9parer une offre, planifier une d\u00e9monstration ou traiter votre inscription \u00e0 un \u00e9v\u00e9nement et le registre BIG.<\/li>\r\n \t<li>Nous stockons les donn\u00e9es relatives \u00e0 nos clients et clients potentiels dans notre syst\u00e8me de gestion de la relation client (CRM), Salesforce. La plupart des donn\u00e9es que nous stockons ici concernent l&rsquo;organisation, les sites, les syst\u00e8mes que nous y avons fournis, etc. Si vous travaillez sur un tel site et que vous l&rsquo;indiquez, votre nom est automatiquement associ\u00e9 \u00e0 ce site. Cela nous permet de savoir, par exemple, qui a le droit de participer gratuitement \u00e0 nos \u00e9v\u00e9nements. Vous avez le droit de nous demander si votre nom figure dans la base de donn\u00e9es Salesforce et \u00e0 quel endroit vous \u00eates enregistr\u00e9. Si vous le souhaitez, vous pouvez \u00e9galement nous demander de supprimer votre nom de la base de donn\u00e9es.<\/li>\r\n \t<li>Si vous indiquez que vous souhaitez recevoir des communications de notre part, nous utiliserons votre nom et votre adresse \u00e9lectronique pour vous envoyer des nouvelles et des informations. Si vous ne souhaitez plus recevoir de nouvelles, vous pouvez toujours vous d\u00e9sabonner en cliquant sur le lien situ\u00e9 au bas de notre lettre d&rsquo;information ou en nous envoyant un courriel.<\/li>\r\n \t<li>Lorsque vous remplissez notre formulaire de contact, votre nom et votre adresse \u00e9lectronique ou votre num\u00e9ro de t\u00e9l\u00e9phone sont n\u00e9cessaires pour vous r\u00e9pondre. Il en va de m\u00eame si vous signalez un probl\u00e8me avec un syst\u00e8me SilverFit, par exemple.\r\nEn nous fournissant des donn\u00e9es, vous nous autorisez \u00e0 les utiliser aux fins susmentionn\u00e9es. Certaines de ces donn\u00e9es sont n\u00e9cessaires pour que nous puissions remplir nos obligations envers vous &#8211; si nous venons livrer un SilverFit, par exemple, nous aurons bien s\u00fbr besoin d&rsquo;une personne de contact !<\/li>\r\n<\/ul>\t\t\t\t\t\t\t\t<\/div>\n\t\t\t\t<\/div>\n\t\t\t\t<\/div>\n\t\t<div class=\"elementor-element elementor-element-2967327 e-con-full e-flex e-con e-child\" data-id=\"2967327\" data-element_type=\"container\" data-e-type=\"container\">\n\t\t\t\t<div class=\"elementor-element elementor-element-75d0cd3 elementor-widget elementor-widget-heading\" data-id=\"75d0cd3\" data-element_type=\"widget\" data-e-type=\"widget\" data-widget_type=\"heading.default\">\n\t\t\t\t<div class=\"elementor-widget-container\">\n\t\t\t\t\t<h5 class=\"elementor-heading-title elementor-size-default\">Avec qui partageons-nous vos donn\u00e9es personnelles ?<\/h5>\t\t\t\t<\/div>\n\t\t\t\t<\/div>\n\t\t\t\t<div class=\"elementor-element elementor-element-b5f991d elementor-widget elementor-widget-text-editor\" data-id=\"b5f991d\" data-element_type=\"widget\" data-e-type=\"widget\" data-widget_type=\"text-editor.default\">\n\t\t\t\t<div class=\"elementor-widget-container\">\n\t\t\t\t\t\t\t\t\t<p>Les donn\u00e9es, obtenues par le biais du formulaire que vous remplissez sur notre site web, nous sont en partie envoy\u00e9es directement par e-mail, et en partie incluses dans une base de donn\u00e9es h\u00e9berg\u00e9e par la soci\u00e9t\u00e9 Mailchimp. Ces donn\u00e9es ne sont pas partag\u00e9es avec d&rsquo;autres parties, sauf si cela est n\u00e9cessaire pour vous fournir un service direct. Par exemple, nous pouvons donner votre adresse au chauffeur du camion lorsqu&rsquo;il vient livrer votre syst\u00e8me SilverFit.<\/p>\n<p>Notre site web a int\u00e9gr\u00e9 des boutons Facebook \u00e0 plusieurs endroits. Gr\u00e2ce \u00e0 ces boutons, Facebook peut \u00e9galement collecter des informations sur votre comportement de navigation en ligne. Vous trouverez plus d&rsquo;informations sur la politique de confidentialit\u00e9 de Facebook ici. Vos donn\u00e9es peuvent \u00eatre transf\u00e9r\u00e9es par Facebook aux \u00c9tats-Unis. Ce transfert de donn\u00e9es s&rsquo;effectue dans le cadre du bouclier de protection de la vie priv\u00e9e UE-\u00c9tats-Unis. Pour plus d&rsquo;informations sur les transferts de donn\u00e9es de Facebook vers les \u00c9tats-Unis, cliquez ici.<\/p>\n\t\t\t\t\t\t\t\t<\/div>\n\t\t\t\t<\/div>\n\t\t\t\t<\/div>\n\t\t<div class=\"elementor-element elementor-element-531d68b e-con-full e-flex e-con e-child\" data-id=\"531d68b\" data-element_type=\"container\" data-e-type=\"container\">\n\t\t\t\t<div class=\"elementor-element elementor-element-3532856 elementor-widget elementor-widget-heading\" data-id=\"3532856\" data-element_type=\"widget\" data-e-type=\"widget\" data-widget_type=\"heading.default\">\n\t\t\t\t<div class=\"elementor-widget-container\">\n\t\t\t\t\t<h5 class=\"elementor-heading-title elementor-size-default\">Analyse des visiteurs du site web<\/h5>\t\t\t\t<\/div>\n\t\t\t\t<\/div>\n\t\t\t\t<div class=\"elementor-element elementor-element-ebfa7f1 elementor-widget elementor-widget-text-editor\" data-id=\"ebfa7f1\" data-element_type=\"widget\" data-e-type=\"widget\" data-widget_type=\"text-editor.default\">\n\t\t\t\t<div class=\"elementor-widget-container\">\n\t\t\t\t\t\t\t\t\tParce que nous voulons savoir qui sont les visiteurs de notre site web et comment ils l&rsquo;utilisent, afin d&rsquo;en optimiser l&rsquo;utilisation, nous utilisons Google Analytics. Pour ce faire, nous utilisons des cookies analytiques. Pour plus d&rsquo;informations sur la politique de Google Analytics, cliquez ici. Nous n&rsquo;utilisons pas votre comportement de navigation pour vous pr\u00e9senter ult\u00e9rieurement des publicit\u00e9s sur d&rsquo;autres sites web.\t\t\t\t\t\t\t\t<\/div>\n\t\t\t\t<\/div>\n\t\t\t\t<\/div>\n\t\t<div class=\"elementor-element elementor-element-fa03aec e-con-full e-flex e-con e-child\" data-id=\"fa03aec\" data-element_type=\"container\" data-e-type=\"container\">\n\t\t\t\t<div class=\"elementor-element elementor-element-296125c elementor-widget elementor-widget-heading\" data-id=\"296125c\" data-element_type=\"widget\" data-e-type=\"widget\" data-widget_type=\"heading.default\">\n\t\t\t\t<div class=\"elementor-widget-container\">\n\t\t\t\t\t<h5 class=\"elementor-heading-title elementor-size-default\">Mailchimp<\/h5>\t\t\t\t<\/div>\n\t\t\t\t<\/div>\n\t\t\t\t<div class=\"elementor-element elementor-element-9c40929 elementor-widget elementor-widget-text-editor\" data-id=\"9c40929\" data-element_type=\"widget\" data-e-type=\"widget\" data-widget_type=\"text-editor.default\">\n\t\t\t\t<div class=\"elementor-widget-container\">\n\t\t\t\t\t\t\t\t\t<p>Lorsque vous vous inscrivez pour recevoir notre bulletin d&rsquo;information, participer \u00e0 une formation ou assister \u00e0 un \u00e9v\u00e9nement chez SilverFit, vous le faites via un formulaire fourni par Mailchimp. Nous pouvons utiliser les donn\u00e9es que vous laissez ici pour vous envoyer des informations cibl\u00e9es sur ce \u00e0 quoi vous vous \u00eates inscrit via le formulaire. Vous trouverez plus d&rsquo;informations sur la politique de Mailchimp ici. Si nous vous envoyons une lettre d&rsquo;information par l&rsquo;interm\u00e9diaire de Mailchimp, nous serons inform\u00e9s du fait que vous l&rsquo;avez ouverte. Nous pouvons \u00e9galement voir quels articles vous avez consult\u00e9s. Cela nous aide \u00e0 am\u00e9liorer les informations que nous vous envoyons.<\/p>\n\t\t\t\t\t\t\t\t<\/div>\n\t\t\t\t<\/div>\n\t\t\t\t<\/div>\n\t\t<div class=\"elementor-element elementor-element-5b41e55 e-con-full e-flex e-con e-child\" data-id=\"5b41e55\" data-element_type=\"container\" data-e-type=\"container\">\n\t\t\t\t<div class=\"elementor-element elementor-element-3dc4f0c elementor-widget elementor-widget-heading\" data-id=\"3dc4f0c\" data-element_type=\"widget\" data-e-type=\"widget\" data-widget_type=\"heading.default\">\n\t\t\t\t<div class=\"elementor-widget-container\">\n\t\t\t\t\t<h5 class=\"elementor-heading-title elementor-size-default\">M\u00e9dias sociaux<\/h5>\t\t\t\t<\/div>\n\t\t\t\t<\/div>\n\t\t\t\t<div class=\"elementor-element elementor-element-0ebcf0d elementor-widget elementor-widget-text-editor\" data-id=\"0ebcf0d\" data-element_type=\"widget\" data-e-type=\"widget\" data-widget_type=\"text-editor.default\">\n\t\t\t\t<div class=\"elementor-widget-container\">\n\t\t\t\t\t\t\t\t\t<p>Nous souhaitons vous permettre de partager le plus facilement possible le contenu de notre site web via les m\u00e9dias sociaux. Vous pouvez le faire au moyen d&rsquo;un certain nombre de boutons de m\u00e9dias sociaux. Nous avons plac\u00e9 les boutons des canaux de m\u00e9dias sociaux suivants. Veuillez lire les d\u00e9clarations de confidentialit\u00e9 des canaux de m\u00e9dias sociaux respectifs pour savoir comment ils traitent la confidentialit\u00e9. Nous vous aidons dans votre d\u00e9marche en partageant les liens vers les diff\u00e9rentes d\u00e9clarations de confidentialit\u00e9 ci-dessous : Facebook, LinkedIn. Si vous \u00e9crivez des commentaires sur les pages des m\u00e9dias sociaux de SilverFit, nous vous en sommes tr\u00e8s reconnaissants. Ces commentaires sont publics et peuvent g\u00e9n\u00e9ralement \u00eatre lus par n&rsquo;importe qui. Si vous regrettez un tel commentaire, vous pouvez \u00e9galement le supprimer vous-m\u00eame.<\/p>\n\t\t\t\t\t\t\t\t<\/div>\n\t\t\t\t<\/div>\n\t\t\t\t<\/div>\n\t\t<div class=\"elementor-element elementor-element-816c9f7 e-con-full e-flex e-con e-child\" data-id=\"816c9f7\" data-element_type=\"container\" data-e-type=\"container\">\n\t\t\t\t<div class=\"elementor-element elementor-element-ab5e2b1 elementor-widget elementor-widget-heading\" data-id=\"ab5e2b1\" data-element_type=\"widget\" data-e-type=\"widget\" data-widget_type=\"heading.default\">\n\t\t\t\t<div class=\"elementor-widget-container\">\n\t\t\t\t\t<h5 class=\"elementor-heading-title elementor-size-default\">D\u00e9sactiver ou supprimer les cookies<\/h5>\t\t\t\t<\/div>\n\t\t\t\t<\/div>\n\t\t\t\t<div class=\"elementor-element elementor-element-9113337 elementor-widget elementor-widget-text-editor\" data-id=\"9113337\" data-element_type=\"widget\" data-e-type=\"widget\" data-widget_type=\"text-editor.default\">\n\t\t\t\t<div class=\"elementor-widget-container\">\n\t\t\t\t\t\t\t\t\t<p>Voulez-vous d\u00e9sactiver ou supprimer les cookies ? Vous pouvez le faire dans les param\u00e8tres de votre navigateur. Si n\u00e9cessaire, utilisez la fonction d&rsquo;aide de votre navigateur pour savoir comment proc\u00e9der. Vous trouverez de plus amples explications sur la mani\u00e8re de d\u00e9sactiver les cookies sur le site web Your Online Choices.<\/p>\n\t\t\t\t\t\t\t\t<\/div>\n\t\t\t\t<\/div>\n\t\t\t\t<\/div>\n\t\t<div class=\"elementor-element elementor-element-a422e2e e-con-full e-flex e-con e-child\" data-id=\"a422e2e\" data-element_type=\"container\" data-e-type=\"container\">\n\t\t\t\t<div class=\"elementor-element elementor-element-15963ee elementor-widget elementor-widget-heading\" data-id=\"15963ee\" data-element_type=\"widget\" data-e-type=\"widget\" data-widget_type=\"heading.default\">\n\t\t\t\t<div class=\"elementor-widget-container\">\n\t\t\t\t\t<h5 class=\"elementor-heading-title elementor-size-default\">Liens<\/h5>\t\t\t\t<\/div>\n\t\t\t\t<\/div>\n\t\t\t\t<div class=\"elementor-element elementor-element-7193418 elementor-widget elementor-widget-text-editor\" data-id=\"7193418\" data-element_type=\"widget\" data-e-type=\"widget\" data-widget_type=\"text-editor.default\">\n\t\t\t\t<div class=\"elementor-widget-container\">\n\t\t\t\t\t\t\t\t\t<p>Sur notre site web, vous trouverez des liens vers des sites web externes. En cliquant sur un lien, vous acc\u00e9derez \u00e0 un site web ext\u00e9rieur \u00e0 SilverFit. Ces sites web externes peuvent utiliser des cookies. Veuillez consulter la d\u00e9claration relative aux cookies ou \u00e0 la protection de la vie priv\u00e9e du site web en question.<\/p>\n\t\t\t\t\t\t\t\t<\/div>\n\t\t\t\t<\/div>\n\t\t\t\t<\/div>\n\t\t<div class=\"elementor-element elementor-element-9fc9635 e-con-full e-flex e-con e-child\" data-id=\"9fc9635\" data-element_type=\"container\" data-e-type=\"container\">\n\t\t\t\t<div class=\"elementor-element elementor-element-359313f elementor-widget elementor-widget-heading\" data-id=\"359313f\" data-element_type=\"widget\" data-e-type=\"widget\" data-widget_type=\"heading.default\">\n\t\t\t\t<div class=\"elementor-widget-container\">\n\t\t\t\t\t<h5 class=\"elementor-heading-title elementor-size-default\">Dur\u00e9e de conservation<\/h5>\t\t\t\t<\/div>\n\t\t\t\t<\/div>\n\t\t\t\t<div class=\"elementor-element elementor-element-33ea4d3 elementor-widget elementor-widget-text-editor\" data-id=\"33ea4d3\" data-element_type=\"widget\" data-e-type=\"widget\" data-widget_type=\"text-editor.default\">\n\t\t\t\t<div class=\"elementor-widget-container\">\n\t\t\t\t\t\t\t\t\t<p>Nous ne conserverons pas vos donn\u00e9es plus longtemps que n\u00e9cessaire aux fins pour lesquelles elles ont \u00e9t\u00e9 re\u00e7ues. Si vous vous d\u00e9sabonnez de notre lettre d&rsquo;information, nous ne vous enverrons plus d&rsquo;informations. Les donn\u00e9es personnelles sont nettoy\u00e9es p\u00e9riodiquement. Si vous souhaitez que nous supprimions imm\u00e9diatement vos donn\u00e9es, vous pouvez nous le faire savoir par courrier \u00e9lectronique.<\/p>\n<p>Les donn\u00e9es que nous utilisons exclusivement pour r\u00e9pondre \u00e0 un message que vous nous avez envoy\u00e9 via un formulaire de contact seront supprim\u00e9es dans un d\u00e9lai de 3 ans \u00e0 compter de notre derni\u00e8re correspondance avec vous. Nous conservons \u00e9galement toute la correspondance, car il arrive que nous promettions des choses que nous voulons revoir plus tard pour savoir exactement ce qui a \u00e9t\u00e9 discut\u00e9.<\/p>\n<p>Nous conservons les donn\u00e9es dans notre syst\u00e8me CRM pendant au moins 7 ans, en partie pour nous conformer \u00e0 nos obligations l\u00e9gales. Nous supprimons ces donn\u00e9es dans l&rsquo;ann\u00e9e qui suit l&rsquo;expiration de cette obligation. La p\u00e9riode susmentionn\u00e9e s&rsquo;applique \u00e0 moins qu&rsquo;il n&rsquo;existe d&rsquo;autres obligations l\u00e9gales nous obligeant \u00e0 conserver les donn\u00e9es et\/ou \u00e0 les mettre \u00e0 disposition plus longtemps.<\/p>\n\t\t\t\t\t\t\t\t<\/div>\n\t\t\t\t<\/div>\n\t\t\t\t<\/div>\n\t\t<div class=\"elementor-element elementor-element-c9b2921 e-con-full e-flex e-con e-child\" data-id=\"c9b2921\" data-element_type=\"container\" data-e-type=\"container\">\n\t\t\t\t<div class=\"elementor-element elementor-element-fbacb0f elementor-widget elementor-widget-heading\" data-id=\"fbacb0f\" data-element_type=\"widget\" data-e-type=\"widget\" data-widget_type=\"heading.default\">\n\t\t\t\t<div class=\"elementor-widget-container\">\n\t\t\t\t\t<h5 class=\"elementor-heading-title elementor-size-default\">Droit<\/h5>\t\t\t\t<\/div>\n\t\t\t\t<\/div>\n\t\t\t\t<div class=\"elementor-element elementor-element-163fc64 elementor-widget elementor-widget-text-editor\" data-id=\"163fc64\" data-element_type=\"widget\" data-e-type=\"widget\" data-widget_type=\"text-editor.default\">\n\t\t\t\t<div class=\"elementor-widget-container\">\n\t\t\t\t\t\t\t\t\tVous avez toujours le droit de retirer votre consentement au traitement de vos donn\u00e9es, apr\u00e8s quoi nous ne traiterons plus vos donn\u00e9es. Le retrait de votre consentement n&rsquo;affecte pas la l\u00e9galit\u00e9 de notre traitement des donn\u00e9es sur la base de votre consentement, qui a eu lieu avant ce retrait.\r\n\r\nVous avez \u00e9galement le droit d&rsquo;acc\u00e9der \u00e0 vos donn\u00e9es personnelles et de les rectifier. Si vous souhaitez conna\u00eetre les donn\u00e9es \u00e0 caract\u00e8re personnel que nous traitons \u00e0 votre sujet, veuillez envoyer une demande d&rsquo;acc\u00e8s par courrier \u00e9lectronique. Si vos donn\u00e9es sont incorrectes, incompl\u00e8tes ou non pertinentes, vous pouvez nous demander de les modifier ou de les compl\u00e9ter.\r\n\r\nEn outre, vous disposez d&rsquo;un droit \u00e0 l&rsquo;effacement de vos donn\u00e9es \u00e0 caract\u00e8re personnel, d&rsquo;un droit \u00e0 la limitation du traitement et d&rsquo;un droit d&rsquo;opposition au traitement. En outre, vous avez le droit de transf\u00e9rer ou de rendre transf\u00e9rables vos donn\u00e9es. Vous pouvez \u00e9galement en faire la demande par courrier \u00e9lectronique.\r\n\r\nNous traiterons votre demande dans un d\u00e9lai d&rsquo;une semaine. Vous pouvez nous envoyer votre demande par courrier \u00e9lectronique \u00e0 l&rsquo;adresse suivante : info@silverfit.nl.\t\t\t\t\t\t\t\t<\/div>\n\t\t\t\t<\/div>\n\t\t\t\t<\/div>\n\t\t<div class=\"elementor-element elementor-element-f1d047d e-con-full e-flex e-con e-child\" data-id=\"f1d047d\" data-element_type=\"container\" data-e-type=\"container\">\n\t\t\t\t<div class=\"elementor-element elementor-element-29d20ff elementor-widget elementor-widget-heading\" data-id=\"29d20ff\" data-element_type=\"widget\" data-e-type=\"widget\" data-widget_type=\"heading.default\">\n\t\t\t\t<div class=\"elementor-widget-container\">\n\t\t\t\t\t<h5 class=\"elementor-heading-title elementor-size-default\">Modifications<\/h5>\t\t\t\t<\/div>\n\t\t\t\t<\/div>\n\t\t\t\t<div class=\"elementor-element elementor-element-9a7af88 elementor-widget elementor-widget-text-editor\" data-id=\"9a7af88\" data-element_type=\"widget\" data-e-type=\"widget\" data-widget_type=\"text-editor.default\">\n\t\t\t\t<div class=\"elementor-widget-container\">\n\t\t\t\t\t\t\t\t\t<p>Nous nous r\u00e9servons le droit de modifier la pr\u00e9sente d\u00e9claration de confidentialit\u00e9. Les modifications prendront effet \u00e0 la date d&rsquo;entr\u00e9e en vigueur annonc\u00e9e.<\/p>\n\t\t\t\t\t\t\t\t<\/div>\n\t\t\t\t<\/div>\n\t\t\t\t<\/div>\n\t\t\t\t\t<\/div>\n\t\t\t\t<\/div>\n\t\t\t\t<\/div>\n\t\t","protected":false},"excerpt":{"rendered":"<p>Politique de confidentialit\u00e9 de SilverFit Derni\u00e8re mise \u00e0 jour : 17 februari, 2025 A propos de nous Le site web https:\/\/www.silverfit.com est exploit\u00e9 par SilverFit BV. Nos coordonn\u00e9es sont les suivantesSilverFit BVEdisonweg 73442 AC WoerdenChambre de commerce : 24438852 Quelles sont les donn\u00e9es collect\u00e9es ? Lorsque vous vous inscrivez en ligne \u00e0 notre lettre d&rsquo;information [&hellip;]<\/p>\n","protected":false},"author":1,"featured_media":0,"parent":0,"menu_order":0,"comment_status":"closed","ping_status":"closed","template":"","meta":{"footnotes":""},"categories":[],"class_list":["post-5816","page","type-page","status-publish","hentry"],"_links":{"self":[{"href":"https:\/\/www.silverfit.com\/fr\/wp-json\/wp\/v2\/pages\/5816","targetHints":{"allow":["GET"]}}],"collection":[{"href":"https:\/\/www.silverfit.com\/fr\/wp-json\/wp\/v2\/pages"}],"about":[{"href":"https:\/\/www.silverfit.com\/fr\/wp-json\/wp\/v2\/types\/page"}],"author":[{"embeddable":true,"href":"https:\/\/www.silverfit.com\/fr\/wp-json\/wp\/v2\/users\/1"}],"replies":[{"embeddable":true,"href":"https:\/\/www.silverfit.com\/fr\/wp-json\/wp\/v2\/comments?post=5816"}],"version-history":[{"count":0,"href":"https:\/\/www.silverfit.com\/fr\/wp-json\/wp\/v2\/pages\/5816\/revisions"}],"wp:attachment":[{"href":"https:\/\/www.silverfit.com\/fr\/wp-json\/wp\/v2\/media?parent=5816"}],"wp:term":[{"taxonomy":"category","embeddable":true,"href":"https:\/\/www.silverfit.com\/fr\/wp-json\/wp\/v2\/categories?post=5816"}],"curies":[{"name":"wp","href":"https:\/\/api.w.org\/{rel}","templated":true}]}}