{"id":5716,"date":"2024-10-29T10:58:23","date_gmt":"2024-10-29T09:58:23","guid":{"rendered":"https:\/\/www.silverfit.com\/financiering\/"},"modified":"2025-02-25T11:30:50","modified_gmt":"2025-02-25T10:30:50","slug":"systeme-de-financement","status":"publish","type":"page","link":"https:\/\/www.silverfit.com\/fr\/systeme-de-financement\/","title":{"rendered":"Syst\u00e8me de financement"},"content":{"rendered":"\t\t<div data-elementor-type=\"wp-page\" data-elementor-id=\"5716\" class=\"elementor elementor-5716 elementor-1697\" data-elementor-post-type=\"page\">\n\t\t\t\t<div class=\"elementor-element elementor-element-abe4dc1 generic-section sf_textwrap_none e-flex e-con-boxed e-con e-child\" data-id=\"abe4dc1\" data-element_type=\"container\" data-e-type=\"container\">\n\t\t\t\t\t<div class=\"e-con-inner\">\n\t\t<div class=\"elementor-element elementor-element-d5e857b e-con-full e-flex e-con e-child\" data-id=\"d5e857b\" data-element_type=\"container\" data-e-type=\"container\">\n\t\t\t\t<div class=\"elementor-element elementor-element-b85f9fb sf_subtitel elementor-widget elementor-widget-heading\" data-id=\"b85f9fb\" data-element_type=\"widget\" data-e-type=\"widget\" data-widget_type=\"heading.default\">\n\t\t\t\t<div class=\"elementor-widget-container\">\n\t\t\t\t\t<h1 class=\"elementor-heading-title elementor-size-default\">Financement<\/h1>\t\t\t\t<\/div>\n\t\t\t\t<\/div>\n\t\t\t\t<div class=\"elementor-element elementor-element-2c53ffd sf_titel elementor-widget elementor-widget-heading\" data-id=\"2c53ffd\" data-element_type=\"widget\" data-e-type=\"widget\" data-widget_type=\"heading.default\">\n\t\t\t\t<div class=\"elementor-widget-container\">\n\t\t\t\t\t<h2 class=\"elementor-heading-title elementor-size-default\">Les <u>organismes<\/u><\/h2>\t\t\t\t<\/div>\n\t\t\t\t<\/div>\n\t\t\t\t<\/div>\n\t\t<div class=\"elementor-element elementor-element-a3e96c5 e-con-full e-flex e-con e-child\" data-id=\"a3e96c5\" data-element_type=\"container\" data-e-type=\"container\">\n\t\t\t\t<div class=\"elementor-element elementor-element-c954cb2 elementor-widget elementor-widget-text-editor\" data-id=\"c954cb2\" data-element_type=\"widget\" data-e-type=\"widget\" data-widget_type=\"text-editor.default\">\n\t\t\t\t<div class=\"elementor-widget-container\">\n\t\t\t\t\t\t\t\t\t<p>Ces financements sont g\u00e9n\u00e9ralement allou\u00e9s par : La conf\u00e9rence des Financeurs de la Pr\u00e9vention de la Perte d&rsquo;Autonomie (CFPPA). Dirig\u00e9e par le Conseil D\u00e9partemental, et vice-pr\u00e9sid\u00e9e par l\u2019ARS, la CFPPA est compos\u00e9e de membres de droit titulaires et suppl\u00e9ants repr\u00e9sentant l\u2019Agence Nationale de l\u2019Habitat (ANAH), la Caisse d\u2019Assurance Retraite et de la Sant\u00e9 au Travail (CARSAT), la Caisse Primaire d\u2019Assurance Maladie (CPAM), la caisse du R\u00e9gime Social des Ind\u00e9pendants (RSI), la Mutualit\u00e9 Sociale Agricole (MSA), les institutions de retraite compl\u00e9mentaire AGIRC et ARRCO, la F\u00e9d\u00e9ration Nationale de la Mutualit\u00e9 Fran\u00e7aise ainsi que des collectivit\u00e9s territoriales volontaires.<\/p><p>Les Conf\u00e9rences des Financeurs ont \u00e9t\u00e9 mises en place \u00e0 la suite de la loi relative \u00e0 l\u2019adaptation de la soci\u00e9t\u00e9 au vieillissement (ASV) du 28 d\u00e9cembre 2015 et s\u2019adressent aux personnes \u00e2g\u00e9es de soixante ans ou plus, mais \u00e9galement aux proches aidants de ces personnes \u00e2g\u00e9es.<\/p><p>Chaque Conf\u00e9rence des Financeurs, \u00e0 leur niveau r\u00e9gional et sur la base du diagnostic des besoins et du recensement des initiatives locales, d\u00e9finissent le(s) axe(s) prioritaires qu\u2019ils int\u00e8greront dans leur programme coordonn\u00e9 de financement des actions de pr\u00e9vention.<\/p>\t\t\t\t\t\t\t\t<\/div>\n\t\t\t\t<\/div>\n\t\t\t\t<\/div>\n\t\t<div class=\"elementor-element elementor-element-5140dcc e-con-full e-flex e-con e-child\" data-id=\"5140dcc\" data-element_type=\"container\" data-e-type=\"container\">\n\t\t\t\t<div class=\"elementor-element elementor-element-2ec3bb6 elementor-widget elementor-widget-heading\" data-id=\"2ec3bb6\" data-element_type=\"widget\" data-e-type=\"widget\" data-widget_type=\"heading.default\">\n\t\t\t\t<div class=\"elementor-widget-container\">\n\t\t\t\t\t<h5 class=\"elementor-heading-title elementor-size-default\">L\u2019Agence R\u00e9gionale de Sant\u00e9 (ARS).<\/h5>\t\t\t\t<\/div>\n\t\t\t\t<\/div>\n\t\t\t\t<div class=\"elementor-element elementor-element-bfc2f58 elementor-widget elementor-widget-text-editor\" data-id=\"bfc2f58\" data-element_type=\"widget\" data-e-type=\"widget\" data-widget_type=\"text-editor.default\">\n\t\t\t\t<div class=\"elementor-widget-container\">\n\t\t\t\t\t\t\t\t\tG\u00e9n\u00e9ralement sous forme de Cr\u00e9dits Non Reconductibles (CNR), l\u2019ARS propose r\u00e9guli\u00e8rement des aides financi\u00e8res reposant, selon les r\u00e9gions et les ann\u00e9es, sur des th\u00e9matiques diff\u00e9rentes. Des th\u00e9matiques telles que \u00ab Innovation num\u00e9rique en sant\u00e9 \u00bb ou \u00ab Nouvelles technologies pour l\u2019am\u00e9lioration de l\u2019accompagnement des r\u00e9sidents \u00bb ont par exemple d\u00e9j\u00e0 \u00e9t\u00e9 mises en avant.\t\t\t\t\t\t\t\t<\/div>\n\t\t\t\t<\/div>\n\t\t\t\t<\/div>\n\t\t<div class=\"elementor-element elementor-element-1857451 e-con-full e-flex e-con e-child\" data-id=\"1857451\" data-element_type=\"container\" data-e-type=\"container\">\n\t\t\t\t<div class=\"elementor-element elementor-element-d806f2f elementor-widget elementor-widget-heading\" data-id=\"d806f2f\" data-element_type=\"widget\" data-e-type=\"widget\" data-widget_type=\"heading.default\">\n\t\t\t\t<div class=\"elementor-widget-container\">\n\t\t\t\t\t<h5 class=\"elementor-heading-title elementor-size-default\">Fondations<\/h5>\t\t\t\t<\/div>\n\t\t\t\t<\/div>\n\t\t\t\t<div class=\"elementor-element elementor-element-0280e78 elementor-widget elementor-widget-text-editor\" data-id=\"0280e78\" data-element_type=\"widget\" data-e-type=\"widget\" data-widget_type=\"text-editor.default\">\n\t\t\t\t<div class=\"elementor-widget-container\">\n\t\t\t\t\t\t\t\t\t<p>Il existe en France de nombreuses fondations (telles que Fondation Cr\u00e9dit Agricole, Fondation Caisse d\u2019Epargne, Plus de Vie, Fondation JM. Bruneau, et bien d\u2019autres encore) qui proposent de mani\u00e8re ponctuelle un soutien financier aux EHPAD.<\/p><p><em>Certaines fondations proposent d\u2019ailleurs actuellement des dispositions exceptionnelles en cette p\u00e9riode de Covid19, afin d\u2019aider les EHPAD et\/ou autres structures m\u00e9dico-sociales \u00e0 lutter contre l\u2019isolement de leurs r\u00e9sidents. Vous retrouverez le lien vers la liste plus bas dans cette page.<\/em><\/p>\t\t\t\t\t\t\t\t<\/div>\n\t\t\t\t<\/div>\n\t\t\t\t<\/div>\n\t\t<div class=\"elementor-element elementor-element-76cb0b5 e-con-full e-flex e-con e-child\" data-id=\"76cb0b5\" data-element_type=\"container\" data-e-type=\"container\">\n\t\t\t\t<div class=\"elementor-element elementor-element-94f40dc elementor-widget elementor-widget-heading\" data-id=\"94f40dc\" data-element_type=\"widget\" data-e-type=\"widget\" data-widget_type=\"heading.default\">\n\t\t\t\t<div class=\"elementor-widget-container\">\n\t\t\t\t\t<h5 class=\"elementor-heading-title elementor-size-default\">Clubs services<\/h5>\t\t\t\t<\/div>\n\t\t\t\t<\/div>\n\t\t\t\t<div class=\"elementor-element elementor-element-a127368 elementor-widget elementor-widget-text-editor\" data-id=\"a127368\" data-element_type=\"widget\" data-e-type=\"widget\" data-widget_type=\"text-editor.default\">\n\t\t\t\t<div class=\"elementor-widget-container\">\n\t\t\t\t\t\t\t\t\tLes plus connus \u00e9tant Rotary Clubs et Lions Club. L\u2019entraide \u00e9tant au c\u0153ur des missions de ces clubs, les membres m\u00e8nent des actions caritatives et \u00e9ducatives, soit par eux-m\u00eames, soit en finan\u00e7ant d&rsquo;autres associations. De nombreux clubs ont notamment organis\u00e9 des campagnes de dons ou de soutien (financier ou humain) \u00e0 des EHPAD.\t\t\t\t\t\t\t\t<\/div>\n\t\t\t\t<\/div>\n\t\t\t\t<\/div>\n\t\t<div class=\"elementor-element elementor-element-4c9abcf e-con-full e-flex e-con e-child\" data-id=\"4c9abcf\" data-element_type=\"container\" data-e-type=\"container\">\n\t\t\t\t<div class=\"elementor-element elementor-element-79eb192 elementor-widget elementor-widget-heading\" data-id=\"79eb192\" data-element_type=\"widget\" data-e-type=\"widget\" data-widget_type=\"heading.default\">\n\t\t\t\t<div class=\"elementor-widget-container\">\n\t\t\t\t\t<h5 class=\"elementor-heading-title elementor-size-default\">Associations des familles des r\u00e9sidents<\/h5>\t\t\t\t<\/div>\n\t\t\t\t<\/div>\n\t\t\t\t<div class=\"elementor-element elementor-element-f82e7b9 elementor-widget elementor-widget-text-editor\" data-id=\"f82e7b9\" data-element_type=\"widget\" data-e-type=\"widget\" data-widget_type=\"text-editor.default\">\n\t\t\t\t<div class=\"elementor-widget-container\">\n\t\t\t\t\t\t\t\t\tIl arrive dans certains EHPAD que les familles et proches des r\u00e9sidents s\u2019organisent en association. Ainsi, pour des projets d\u2019investissements qu\u2019ils consid\u00e8rent b\u00e9n\u00e9fiques pour leurs proches r\u00e9sidant \u00e0 l\u2019EHPAD, ils peuvent apporter un soutien pr\u00e9cieux en levant des fonds et\/ou en apportant eux-m\u00eames leur participation.\t\t\t\t\t\t\t\t<\/div>\n\t\t\t\t<\/div>\n\t\t\t\t<\/div>\n\t\t<div class=\"elementor-element elementor-element-65ce97c e-con-full e-flex e-con e-child\" data-id=\"65ce97c\" data-element_type=\"container\" data-e-type=\"container\">\n\t\t\t\t<div class=\"elementor-element elementor-element-6dba6fe elementor-widget elementor-widget-heading\" data-id=\"6dba6fe\" data-element_type=\"widget\" data-e-type=\"widget\" data-widget_type=\"heading.default\">\n\t\t\t\t<div class=\"elementor-widget-container\">\n\t\t\t\t\t<h5 class=\"elementor-heading-title elementor-size-default\">Eligibilit\u00e9 des syst\u00e8mes SilverFit<\/h5>\t\t\t\t<\/div>\n\t\t\t\t<\/div>\n\t\t\t\t<div class=\"elementor-element elementor-element-ba3b4b6 elementor-widget elementor-widget-text-editor\" data-id=\"ba3b4b6\" data-element_type=\"widget\" data-e-type=\"widget\" data-widget_type=\"text-editor.default\">\n\t\t\t\t<div class=\"elementor-widget-container\">\n\t\t\t\t\t\t\t\t\t<p>Nos SilverFit 3D, Mile et Alois peuvent \u00eatre \u00e9ligibles \u00e0 des subventions et\/ou aides.<\/p><p>En effet, certains de nos clients ont pu s\u2019\u00e9quiper de nos syst\u00e8mes \u00e0 la suite d\u2019appels \u00e0 projets ou appels \u00e0 candidature ayant pour objectif, par exemple :<\/p><ul><li>Le maintien ou l\u2019entretien des facult\u00e9s physiques, cognitives, sensorielles, motrices et psychiques<\/li><li>Les activit\u00e9s physiques et sportives, l\u2019\u00e9quilibre et la pr\u00e9vention des chutes<\/li><li>La lutte contre l\u2019isolement et le maintien du lien interg\u00e9n\u00e9rationnel<\/li><li>Etc.<\/li><\/ul><p>Nous ne pouvons assurer l\u2019\u00e9ligibilit\u00e9 de nos syst\u00e8mes SilverFit pour l\u2019ensemble de ces aides. Seules les autorit\u00e9s \/ structures concern\u00e9es pourront le confirmer.<\/p><p>Nous vous conseillons \u00e9galement de prendre connaissance des conditions g\u00e9n\u00e9rales ou du cahier des charges de chacune.<\/p><p>N&rsquo;h\u00e9sitez pas \u00e0 nous contacter. Nous serons heureux de r\u00e9pondre \u00e0 vos questions et\/ou de vous adresser des \u00e9l\u00e9ments concernant nos syst\u00e8mes qui pourraient \u00eatre utiles \u00e0 l&rsquo;\u00e9laboration de votre dossier de candidature.<\/p>\t\t\t\t\t\t\t\t<\/div>\n\t\t\t\t<\/div>\n\t\t\t\t<\/div>\n\t\t<div class=\"elementor-element elementor-element-8fb246b e-con-full e-flex e-con e-child\" data-id=\"8fb246b\" data-element_type=\"container\" data-e-type=\"container\">\n\t\t\t\t<div class=\"elementor-element elementor-element-ef2aadb elementor-widget elementor-widget-heading\" data-id=\"ef2aadb\" data-element_type=\"widget\" data-e-type=\"widget\" data-widget_type=\"heading.default\">\n\t\t\t\t<div class=\"elementor-widget-container\">\n\t\t\t\t\t<h5 class=\"elementor-heading-title elementor-size-default\">Contact SilverFit France<\/h5>\t\t\t\t<\/div>\n\t\t\t\t<\/div>\n\t\t\t\t<div class=\"elementor-element elementor-element-fc1f613 elementor-widget elementor-widget-text-editor\" data-id=\"fc1f613\" data-element_type=\"widget\" data-e-type=\"widget\" data-widget_type=\"text-editor.default\">\n\t\t\t\t<div class=\"elementor-widget-container\">\n\t\t\t\t\t\t\t\t\t<p>Mme Fr\u00e9d\u00e9rique LIM<br \/>+33 6 47 44 53 74<br \/>frederiquelim@silverfit.nl<\/p>\t\t\t\t\t\t\t\t<\/div>\n\t\t\t\t<\/div>\n\t\t\t\t<\/div>\n\t\t\t\t\t<\/div>\n\t\t\t\t<\/div>\n\t\t\t\t<\/div>\n\t\t","protected":false},"excerpt":{"rendered":"<p>Financement Les organismes Ces financements sont g\u00e9n\u00e9ralement allou\u00e9s par : La conf\u00e9rence des Financeurs de la Pr\u00e9vention de la Perte d&rsquo;Autonomie (CFPPA). Dirig\u00e9e par le Conseil D\u00e9partemental, et vice-pr\u00e9sid\u00e9e par l\u2019ARS, la CFPPA est compos\u00e9e de membres de droit titulaires et suppl\u00e9ants repr\u00e9sentant l\u2019Agence Nationale de l\u2019Habitat (ANAH), la Caisse d\u2019Assurance Retraite et de la [&hellip;]<\/p>\n","protected":false},"author":1,"featured_media":0,"parent":0,"menu_order":0,"comment_status":"closed","ping_status":"closed","template":"","meta":{"footnotes":""},"categories":[],"class_list":["post-5716","page","type-page","status-publish","hentry"],"_links":{"self":[{"href":"https:\/\/www.silverfit.com\/fr\/wp-json\/wp\/v2\/pages\/5716","targetHints":{"allow":["GET"]}}],"collection":[{"href":"https:\/\/www.silverfit.com\/fr\/wp-json\/wp\/v2\/pages"}],"about":[{"href":"https:\/\/www.silverfit.com\/fr\/wp-json\/wp\/v2\/types\/page"}],"author":[{"embeddable":true,"href":"https:\/\/www.silverfit.com\/fr\/wp-json\/wp\/v2\/users\/1"}],"replies":[{"embeddable":true,"href":"https:\/\/www.silverfit.com\/fr\/wp-json\/wp\/v2\/comments?post=5716"}],"version-history":[{"count":3,"href":"https:\/\/www.silverfit.com\/fr\/wp-json\/wp\/v2\/pages\/5716\/revisions"}],"predecessor-version":[{"id":10313,"href":"https:\/\/www.silverfit.com\/fr\/wp-json\/wp\/v2\/pages\/5716\/revisions\/10313"}],"wp:attachment":[{"href":"https:\/\/www.silverfit.com\/fr\/wp-json\/wp\/v2\/media?parent=5716"}],"wp:term":[{"taxonomy":"category","embeddable":true,"href":"https:\/\/www.silverfit.com\/fr\/wp-json\/wp\/v2\/categories?post=5716"}],"curies":[{"name":"wp","href":"https:\/\/api.w.org\/{rel}","templated":true}]}}