{"id":5812,"date":"2024-09-07T06:25:25","date_gmt":"2024-09-07T04:25:25","guid":{"rendered":"https:\/\/www.silverfit.com\/datenschutzrichtlinie\/"},"modified":"2025-07-17T09:14:24","modified_gmt":"2025-07-17T07:14:24","slug":"datenschutzrichtlinie","status":"publish","type":"page","link":"https:\/\/www.silverfit.com\/de\/datenschutzrichtlinie\/","title":{"rendered":"Datenschutzrichtlinie"},"content":{"rendered":"\t\t<div data-elementor-type=\"wp-page\" data-elementor-id=\"5812\" class=\"elementor elementor-5812 elementor-3\" data-elementor-post-type=\"page\">\n\t\t\t\t<div class=\"elementor-element elementor-element-e57cdc9 generic-section sf_textwrap_none e-flex e-con-boxed e-con e-child\" data-id=\"e57cdc9\" data-element_type=\"container\" data-e-type=\"container\">\n\t\t\t\t\t<div class=\"e-con-inner\">\n\t\t<div class=\"elementor-element elementor-element-a8f0867 e-con-full e-flex e-con e-child\" data-id=\"a8f0867\" data-element_type=\"container\" data-e-type=\"container\">\n\t\t\t\t<div class=\"elementor-element elementor-element-96338d3 elementor-widget elementor-widget-heading\" data-id=\"96338d3\" data-element_type=\"widget\" data-e-type=\"widget\" data-widget_type=\"heading.default\">\n\t\t\t\t<div class=\"elementor-widget-container\">\n\t\t\t\t\t<h1 class=\"elementor-heading-title elementor-size-default\"><u>Datenschutzrichtlinie<\/u> von SilverFit<\/h1>\t\t\t\t<\/div>\n\t\t\t\t<\/div>\n\t\t\t\t<div class=\"elementor-element elementor-element-18552ad elementor-widget elementor-widget-jet-listing-dynamic-field\" data-id=\"18552ad\" data-element_type=\"widget\" data-e-type=\"widget\" data-widget_type=\"jet-listing-dynamic-field.default\">\n\t\t\t\t<div class=\"elementor-widget-container\">\n\t\t\t\t\t<div class=\"jet-listing jet-listing-dynamic-field display-multiline\"><div class=\"jet-listing-dynamic-field__content\" >Zuletzt aktualisiert: 17 Juli, 2025<\/div><\/div>\t\t\t\t<\/div>\n\t\t\t\t<\/div>\n\t\t\t\t<\/div>\n\t\t<div class=\"elementor-element elementor-element-2ab65d7 e-con-full e-flex e-con e-child\" data-id=\"2ab65d7\" data-element_type=\"container\" data-e-type=\"container\">\n\t\t\t\t<div class=\"elementor-element elementor-element-5c57843 elementor-widget elementor-widget-heading\" data-id=\"5c57843\" data-element_type=\"widget\" data-e-type=\"widget\" data-widget_type=\"heading.default\">\n\t\t\t\t<div class=\"elementor-widget-container\">\n\t\t\t\t\t<h5 class=\"elementor-heading-title elementor-size-default\">\u00dcber uns<\/h5>\t\t\t\t<\/div>\n\t\t\t\t<\/div>\n\t\t\t\t<div class=\"elementor-element elementor-element-187e9b3 elementor-widget elementor-widget-text-editor\" data-id=\"187e9b3\" data-element_type=\"widget\" data-e-type=\"widget\" data-widget_type=\"text-editor.default\">\n\t\t\t\t<div class=\"elementor-widget-container\">\n\t\t\t\t\t\t\t\t\t<p>Die Website https:\/\/www.silverfit.com wird von der SilverFit GmbH betrieben.<\/p><p>Unsere Kontaktdaten lauten:<br \/>SilverFit GmbH<br \/>Cremon 11<br \/>D-20457 Hamburg, Germany<br \/>E: info@silverfit.com<br \/>T: +49 (0)151 1186 3610<br \/>Amtsgericht Hamburg, HRB 188449<\/p><p>Die SilverFit GmbH ist Teil von SilverFit BV:<br \/>Edisonweg 7<br \/>3442 AC Woerden, The Netherlands<br \/>E: info@silverfit.nl<br \/>T: +31 (0) 348 769 110<br \/>KvK: 24438852<\/p><p>Gesch\u00e4ftsf\u00fchrung: Joris Wiersinga<\/p>\t\t\t\t\t\t\t\t<\/div>\n\t\t\t\t<\/div>\n\t\t\t\t<\/div>\n\t\t<div class=\"elementor-element elementor-element-8548612 e-con-full e-flex e-con e-child\" data-id=\"8548612\" data-element_type=\"container\" data-e-type=\"container\">\n\t\t\t\t<div class=\"elementor-element elementor-element-4f67e3b elementor-widget elementor-widget-heading\" data-id=\"4f67e3b\" data-element_type=\"widget\" data-e-type=\"widget\" data-widget_type=\"heading.default\">\n\t\t\t\t<div class=\"elementor-widget-container\">\n\t\t\t\t\t<h5 class=\"elementor-heading-title elementor-size-default\">Welche Daten sammeln wir?<\/h5>\t\t\t\t<\/div>\n\t\t\t\t<\/div>\n\t\t\t\t<div class=\"elementor-element elementor-element-eed1d64 elementor-widget elementor-widget-text-editor\" data-id=\"eed1d64\" data-element_type=\"widget\" data-e-type=\"widget\" data-widget_type=\"text-editor.default\">\n\t\t\t\t<div class=\"elementor-widget-container\">\n\t\t\t\t\t\t\t\t\t<p>Wenn Sie sich online f\u00fcr unseren Newsletter anmelden oder eine Veranstaltung buchen, unser Kontaktformular ausf\u00fcllen, ein Angebot anfordern oder andere Anfragen f\u00fcr unsere Dienstleistungen stellen, werden Sie gebeten, Daten bereitzustellen. In diesem Fall verarbeiten wir nur die Daten, die Sie uns selbst zur Verf\u00fcgung stellen. Diese Daten werden in einer Datenbank gespeichert.<\/p>\n\t\t\t\t\t\t\t\t<\/div>\n\t\t\t\t<\/div>\n\t\t\t\t<\/div>\n\t\t<div class=\"elementor-element elementor-element-e8d9a0f e-con-full e-flex e-con e-child\" data-id=\"e8d9a0f\" data-element_type=\"container\" data-e-type=\"container\">\n\t\t\t\t<div class=\"elementor-element elementor-element-1aac231 elementor-widget elementor-widget-heading\" data-id=\"1aac231\" data-element_type=\"widget\" data-e-type=\"widget\" data-widget_type=\"heading.default\">\n\t\t\t\t<div class=\"elementor-widget-container\">\n\t\t\t\t\t<h5 class=\"elementor-heading-title elementor-size-default\">Zu welchem Zweck verwenden wir personenbezogene Daten?<\/h5>\t\t\t\t<\/div>\n\t\t\t\t<\/div>\n\t\t\t\t<div class=\"elementor-element elementor-element-5872355 elementor-widget elementor-widget-text-editor\" data-id=\"5872355\" data-element_type=\"widget\" data-e-type=\"widget\" data-widget_type=\"text-editor.default\">\n\t\t\t\t<div class=\"elementor-widget-container\">\n\t\t\t\t\t\t\t\t\tDie Daten werden f\u00fcr folgende Zwecke gesammelt und gespeichert:\r\n<ul>\r\n \t<li>Wir verwenden Ihre Daten f\u00fcr den Zweck, f\u00fcr den Sie uns diese gegeben haben, beispielsweise um ein Angebot zu erstellen, eine Demo zu planen oder Ihre Anmeldung f\u00fcr eine Veranstaltung und das BIG-Register zu verarbeiten.<\/li>\r\n \t<li>Wir speichern Daten \u00fcber unsere Kunden und potenziellen Kunden in unserem CRM-System, Salesforce. Die meisten Daten, die wir hier speichern, betreffen die Organisation, Standorte, Systeme, die wir dort geliefert haben usw. Wenn Sie an einem solchen Standort arbeiten und dies angeben, wird Ihr Name automatisch mit diesem Standort verkn\u00fcpft. So k\u00f6nnen wir zum Beispiel sehen, wer Anspruch auf eine kostenlose Teilnahme an unseren Veranstaltungen hat. Sie haben das Recht, bei uns zu \u00fcberpr\u00fcfen, ob Ihr Name in der Salesforce-Datenbank steht und an welchem Standort Sie registriert sind. Wenn Sie dies w\u00fcnschen, k\u00f6nnen Sie uns auch bitten, Ihren Namen aus der Datenbank zu l\u00f6schen.<\/li>\r\n \t<li>Wenn Sie angeben, Nachrichten von uns erhalten zu wollen, verwenden wir Ihren Namen und Ihre E-Mail-Adresse, um Ihnen Nachrichten und Informationen zu senden. Sie k\u00f6nnen genau angeben, ob Sie dies m\u00f6chten. Wenn Sie keine Nachrichten mehr erhalten m\u00f6chten, k\u00f6nnen Sie sich jederzeit \u00fcber den Link am Ende unseres Newsletters abmelden oder uns eine E-Mail senden.<\/li>\r\n \t<li>Wenn Sie unser Kontaktformular ausf\u00fcllen, ben\u00f6tigen wir Ihren Namen und Ihre E-Mail-Adresse oder Telefonnummer, um Ihnen eine Antwort geben zu k\u00f6nnen. Das gilt auch, wenn Sie beispielsweise ein Problem mit einem SilverFit-System melden.<\/li>\r\n<\/ul>\r\nIndem Sie uns Daten zur Verf\u00fcgung stellen, erteilen Sie uns die Erlaubnis, diese f\u00fcr die oben genannten Zwecke zu verwenden. Einige dieser Daten ben\u00f6tigen wir zwingend, um unseren Verpflichtungen Ihnen gegen\u00fcber nachzukommen \u2013 wenn wir beispielsweise ein SilverFit-System liefern, ben\u00f6tigen wir selbstverst\u00e4ndlich eine Kontaktperson!\t\t\t\t\t\t\t\t<\/div>\n\t\t\t\t<\/div>\n\t\t\t\t<\/div>\n\t\t<div class=\"elementor-element elementor-element-2967327 e-con-full e-flex e-con e-child\" data-id=\"2967327\" data-element_type=\"container\" data-e-type=\"container\">\n\t\t\t\t<div class=\"elementor-element elementor-element-75d0cd3 elementor-widget elementor-widget-heading\" data-id=\"75d0cd3\" data-element_type=\"widget\" data-e-type=\"widget\" data-widget_type=\"heading.default\">\n\t\t\t\t<div class=\"elementor-widget-container\">\n\t\t\t\t\t<h5 class=\"elementor-heading-title elementor-size-default\">Mit wem teilen wir Ihre personenbezogenen Daten?<\/h5>\t\t\t\t<\/div>\n\t\t\t\t<\/div>\n\t\t\t\t<div class=\"elementor-element elementor-element-b5f991d elementor-widget elementor-widget-text-editor\" data-id=\"b5f991d\" data-element_type=\"widget\" data-e-type=\"widget\" data-widget_type=\"text-editor.default\">\n\t\t\t\t<div class=\"elementor-widget-container\">\n\t\t\t\t\t\t\t\t\t<p>Daten, die wir \u00fcber ein von Ihnen ausgef\u00fclltes Formular auf unserer Website erhalten haben, werden teilweise direkt per E-Mail an uns weitergeleitet und teilweise in einer Datenbank gespeichert, die von der Firma Mailchimp gehostet wird. Diese Daten werden nicht mit anderen Parteien geteilt, es sei denn, dies ist notwendig, um Ihnen direkt zu helfen. Wir k\u00f6nnen beispielsweise Ihre Adresse an den Lkw-Fahrer weitergeben, wenn er Ihr SilverFit-System liefert.<\/p>\n<p>Unsere Website enth\u00e4lt an verschiedenen Stellen integrierte Facebook-Schaltfl\u00e4chen. Facebook k\u00f6nnte dadurch auch Informationen \u00fcber Ihr Online-Verhalten sammeln. Weitere Informationen zur Datenschutzrichtlinie von Facebook finden Sie <a href=\"https:\/\/www.facebook.com\/privacy\/policy\/?entry_point=data_policy_redirect&amp;entry=0\" target=\"_blank\" rel=\"noopener\">hier<\/a>. Ihre Daten k\u00f6nnen von Facebook in die Vereinigten Staaten \u00fcbermittelt werden. Diese Daten\u00fcbertragung erfolgt auf Grundlage des EU-US Privacy Shield Frameworks. Weitere Informationen zur \u00dcbertragung von Daten an die Vereinigten Staaten durch Facebook finden Sie <a href=\"https:\/\/www.facebook.com\/privacy\/policies\/data_privacy_framework\/\" target=\"_blank\" rel=\"noopener\">hier<\/a>.<\/p>\n\t\t\t\t\t\t\t\t<\/div>\n\t\t\t\t<\/div>\n\t\t\t\t<\/div>\n\t\t<div class=\"elementor-element elementor-element-531d68b e-con-full e-flex e-con e-child\" data-id=\"531d68b\" data-element_type=\"container\" data-e-type=\"container\">\n\t\t\t\t<div class=\"elementor-element elementor-element-3532856 elementor-widget elementor-widget-heading\" data-id=\"3532856\" data-element_type=\"widget\" data-e-type=\"widget\" data-widget_type=\"heading.default\">\n\t\t\t\t<div class=\"elementor-widget-container\">\n\t\t\t\t\t<h5 class=\"elementor-heading-title elementor-size-default\">Analyse der Website-Besucher<\/h5>\t\t\t\t<\/div>\n\t\t\t\t<\/div>\n\t\t\t\t<div class=\"elementor-element elementor-element-ebfa7f1 elementor-widget elementor-widget-text-editor\" data-id=\"ebfa7f1\" data-element_type=\"widget\" data-e-type=\"widget\" data-widget_type=\"text-editor.default\">\n\t\t\t\t<div class=\"elementor-widget-container\">\n\t\t\t\t\t\t\t\t\tDa wir gerne wissen m\u00f6chten, wer unsere Website-Besucher sind und wie sie die Website nutzen, um die Nutzung der Website zu optimieren, verwenden wir Google Analytics. Dies erfolgt mithilfe von Analyse-Cookies. Weitere Informationen zur Richtlinie von Google Analytics finden Sie\u00a0<a href=\"https:\/\/policies.google.com\/privacy\" target=\"_blank\" rel=\"noopener\">hier<\/a>. Wir verwenden Ihr Surfverhalten nicht, um Ihnen sp\u00e4ter auf anderen Websites Werbung zu zeigen.\t\t\t\t\t\t\t\t<\/div>\n\t\t\t\t<\/div>\n\t\t\t\t<\/div>\n\t\t<div class=\"elementor-element elementor-element-fa03aec e-con-full e-flex e-con e-child\" data-id=\"fa03aec\" data-element_type=\"container\" data-e-type=\"container\">\n\t\t\t\t<div class=\"elementor-element elementor-element-296125c elementor-widget elementor-widget-heading\" data-id=\"296125c\" data-element_type=\"widget\" data-e-type=\"widget\" data-widget_type=\"heading.default\">\n\t\t\t\t<div class=\"elementor-widget-container\">\n\t\t\t\t\t<h5 class=\"elementor-heading-title elementor-size-default\">Mailchimp<\/h5>\t\t\t\t<\/div>\n\t\t\t\t<\/div>\n\t\t\t\t<div class=\"elementor-element elementor-element-9c40929 elementor-widget elementor-widget-text-editor\" data-id=\"9c40929\" data-element_type=\"widget\" data-e-type=\"widget\" data-widget_type=\"text-editor.default\">\n\t\t\t\t<div class=\"elementor-widget-container\">\n\t\t\t\t\t\t\t\t\t<p>Wenn Sie sich f\u00fcr unseren Newsletter anmelden, an einer Schulung teilnehmen oder eine Veranstaltung von SilverFit besuchen, tun Sie dies \u00fcber ein Formular von Mailchimp. Die Daten, die Sie dort hinterlassen, k\u00f6nnen wir verwenden, um Ihnen gezielte Informationen zu dem zu senden, wor\u00fcber Sie sich \u00fcber das Formular angemeldet haben. Weitere Informationen zur Richtlinie von Mailchimp finden Sie <a href=\"https:\/\/mailchimp.com\/legal\/data-processing-addendum\/\" target=\"_blank\" rel=\"noopener\">hier<\/a> . Wenn wir Ihnen einen Newsletter \u00fcber Mailchimp senden, erfahren wir, wenn Sie diesen ge\u00f6ffnet haben. Wir k\u00f6nnen auch sehen, welche Artikel von Ihnen angesehen wurden. Dies hilft uns, die Informationen, die wir Ihnen senden, zu verbessern.<\/p>\n\t\t\t\t\t\t\t\t<\/div>\n\t\t\t\t<\/div>\n\t\t\t\t<\/div>\n\t\t<div class=\"elementor-element elementor-element-5b41e55 e-con-full e-flex e-con e-child\" data-id=\"5b41e55\" data-element_type=\"container\" data-e-type=\"container\">\n\t\t\t\t<div class=\"elementor-element elementor-element-3dc4f0c elementor-widget elementor-widget-heading\" data-id=\"3dc4f0c\" data-element_type=\"widget\" data-e-type=\"widget\" data-widget_type=\"heading.default\">\n\t\t\t\t<div class=\"elementor-widget-container\">\n\t\t\t\t\t<h5 class=\"elementor-heading-title elementor-size-default\">Social Media<\/h5>\t\t\t\t<\/div>\n\t\t\t\t<\/div>\n\t\t\t\t<div class=\"elementor-element elementor-element-0ebcf0d elementor-widget elementor-widget-text-editor\" data-id=\"0ebcf0d\" data-element_type=\"widget\" data-e-type=\"widget\" data-widget_type=\"text-editor.default\">\n\t\t\t\t<div class=\"elementor-widget-container\">\n\t\t\t\t\t\t\t\t\t<p>Wir m\u00f6chten es Ihnen so einfach wie m\u00f6glich machen, die Inhalte unserer Website \u00fcber soziale Medien zu teilen. Dies kann durch eine Reihe von Social-Media-Schaltfl\u00e4chen erfolgen. Von den folgenden Social-Media-Kan\u00e4len haben wir die Schaltfl\u00e4chen platziert. Lesen Sie die Datenschutzrichtlinien der jeweiligen Social-Media-Kan\u00e4le, um zu erfahren, wie sie mit Datenschutz umgehen. Wir helfen Ihnen, indem wir unten die Links zu den verschiedenen Datenschutzrichtlinien teilen: <a href=\"https:\/\/www.facebook.com\/privacy\/policy\/?entry_point=data_policy_redirect&amp;entry=0\" target=\"_blank\" rel=\"noopener\">Facebook<\/a>, <a href=\"https:\/\/nl.linkedin.com\/legal\/privacy-policy?\" target=\"_blank\" rel=\"noopener\">LinkedIn<\/a>. Wenn Sie Kommentare auf den Social-Media-Seiten von SilverFit schreiben, freuen wir uns sehr dar\u00fcber. Diese Kommentare sind \u00f6ffentlich und k\u00f6nnen in der Regel von jedem gelesen werden. Wenn Sie m\u00f6chten, k\u00f6nnen Sie den Kommentar auch selbst l\u00f6schen.<\/p>\n\t\t\t\t\t\t\t\t<\/div>\n\t\t\t\t<\/div>\n\t\t\t\t<\/div>\n\t\t<div class=\"elementor-element elementor-element-816c9f7 e-con-full e-flex e-con e-child\" data-id=\"816c9f7\" data-element_type=\"container\" data-e-type=\"container\">\n\t\t\t\t<div class=\"elementor-element elementor-element-ab5e2b1 elementor-widget elementor-widget-heading\" data-id=\"ab5e2b1\" data-element_type=\"widget\" data-e-type=\"widget\" data-widget_type=\"heading.default\">\n\t\t\t\t<div class=\"elementor-widget-container\">\n\t\t\t\t\t<h5 class=\"elementor-heading-title elementor-size-default\">Deaktivierung oder L\u00f6schung von Cookies<\/h5>\t\t\t\t<\/div>\n\t\t\t\t<\/div>\n\t\t\t\t<div class=\"elementor-element elementor-element-9113337 elementor-widget elementor-widget-text-editor\" data-id=\"9113337\" data-element_type=\"widget\" data-e-type=\"widget\" data-widget_type=\"text-editor.default\">\n\t\t\t\t<div class=\"elementor-widget-container\">\n\t\t\t\t\t\t\t\t\t<p>M\u00f6chten Sie Cookies deaktivieren oder l\u00f6schen? Dies k\u00f6nnen Sie \u00fcber die Einstellungen Ihres Browsers tun. Verwenden Sie ggf. die Hilfefunktion Ihres Browsers, um herauszufinden, wie Sie dies tun k\u00f6nnen. Auf der Website <a href=\"https:\/\/www.youronlinechoices.com\/be-nl\/\" target=\"_blank\" rel=\"noopener\">Your Online Choices<\/a> finden Sie weitere Erkl\u00e4rungen dazu, wie Sie Cookies deaktivieren k\u00f6nnen.<\/p>\n\t\t\t\t\t\t\t\t<\/div>\n\t\t\t\t<\/div>\n\t\t\t\t<\/div>\n\t\t<div class=\"elementor-element elementor-element-a422e2e e-con-full e-flex e-con e-child\" data-id=\"a422e2e\" data-element_type=\"container\" data-e-type=\"container\">\n\t\t\t\t<div class=\"elementor-element elementor-element-15963ee elementor-widget elementor-widget-heading\" data-id=\"15963ee\" data-element_type=\"widget\" data-e-type=\"widget\" data-widget_type=\"heading.default\">\n\t\t\t\t<div class=\"elementor-widget-container\">\n\t\t\t\t\t<h5 class=\"elementor-heading-title elementor-size-default\">Links<\/h5>\t\t\t\t<\/div>\n\t\t\t\t<\/div>\n\t\t\t\t<div class=\"elementor-element elementor-element-7193418 elementor-widget elementor-widget-text-editor\" data-id=\"7193418\" data-element_type=\"widget\" data-e-type=\"widget\" data-widget_type=\"text-editor.default\">\n\t\t\t\t<div class=\"elementor-widget-container\">\n\t\t\t\t\t\t\t\t\t<p>Auf unserer Website finden Sie Links zu externen Websites. Wenn Sie auf einen Link klicken, gelangen Sie zu einer Website au\u00dferhalb von SilverFit. Es kann sein, dass diese externen Websites Cookies verwenden. Bitte beachten Sie diesbez\u00fcglich die Cookie- oder Datenschutzrichtlinie der betreffenden Website.<\/p>\n\t\t\t\t\t\t\t\t<\/div>\n\t\t\t\t<\/div>\n\t\t\t\t<\/div>\n\t\t<div class=\"elementor-element elementor-element-9fc9635 e-con-full e-flex e-con e-child\" data-id=\"9fc9635\" data-element_type=\"container\" data-e-type=\"container\">\n\t\t\t\t<div class=\"elementor-element elementor-element-359313f elementor-widget elementor-widget-heading\" data-id=\"359313f\" data-element_type=\"widget\" data-e-type=\"widget\" data-widget_type=\"heading.default\">\n\t\t\t\t<div class=\"elementor-widget-container\">\n\t\t\t\t\t<h5 class=\"elementor-heading-title elementor-size-default\">Aufbewahrungsfrist<\/h5>\t\t\t\t<\/div>\n\t\t\t\t<\/div>\n\t\t\t\t<div class=\"elementor-element elementor-element-33ea4d3 elementor-widget elementor-widget-text-editor\" data-id=\"33ea4d3\" data-element_type=\"widget\" data-e-type=\"widget\" data-widget_type=\"text-editor.default\">\n\t\t\t\t<div class=\"elementor-widget-container\">\n\t\t\t\t\t\t\t\t\t<p>Wir bewahren Ihre Daten nicht l\u00e4nger auf, als es f\u00fcr den Zweck, f\u00fcr den sie erhalten wurden, notwendig ist. Wenn Sie sich von unserem Newsletter abmelden, werden wir Ihnen keine weiteren Informationen senden. Die pers\u00f6nlichen Daten werden regelm\u00e4\u00dfig bereinigt. Wenn Sie m\u00f6chten, dass wir Ihre Daten sofort l\u00f6schen, k\u00f6nnen Sie dies per E-Mail mitteilen.<\/p>\n<p>Die Daten, die wir ausschlie\u00dflich verwenden, um auf eine Nachricht zu antworten, die Sie uns \u00fcber ein Kontaktformular geschickt haben, werden innerhalb von 3 Jahren nach unserer letzten Korrespondenz mit Ihnen gel\u00f6scht. Wir bewahren auch alle Korrespondenz auf, da wir manchmal Versprechungen machen, bei denen wir sp\u00e4ter nachsehen wollen, was genau besprochen wurde.<\/p>\n<p>Die Daten in unserem CRM-System bewahren wir mindestens 7 Jahre auf, unter anderem um unserer gesetzlichen Verpflichtung nachzukommen. Diese Daten werden innerhalb eines Jahres nach Ablauf dieser Verpflichtung von uns gel\u00f6scht. Der oben genannte Zeitraum gilt, es sei denn, es bestehen f\u00fcr uns weitere gesetzliche Verpflichtungen, die Daten l\u00e4nger aufzubewahren und\/oder verf\u00fcgbar zu halten.<\/p>\n\t\t\t\t\t\t\t\t<\/div>\n\t\t\t\t<\/div>\n\t\t\t\t<\/div>\n\t\t<div class=\"elementor-element elementor-element-c9b2921 e-con-full e-flex e-con e-child\" data-id=\"c9b2921\" data-element_type=\"container\" data-e-type=\"container\">\n\t\t\t\t<div class=\"elementor-element elementor-element-fbacb0f elementor-widget elementor-widget-heading\" data-id=\"fbacb0f\" data-element_type=\"widget\" data-e-type=\"widget\" data-widget_type=\"heading.default\">\n\t\t\t\t<div class=\"elementor-widget-container\">\n\t\t\t\t\t<h5 class=\"elementor-heading-title elementor-size-default\">Rechte<\/h5>\t\t\t\t<\/div>\n\t\t\t\t<\/div>\n\t\t\t\t<div class=\"elementor-element elementor-element-163fc64 elementor-widget elementor-widget-text-editor\" data-id=\"163fc64\" data-element_type=\"widget\" data-e-type=\"widget\" data-widget_type=\"text-editor.default\">\n\t\t\t\t<div class=\"elementor-widget-container\">\n\t\t\t\t\t\t\t\t\tSie haben jederzeit das Recht, Ihre Zustimmung zur Verarbeitung Ihrer Daten zu widerrufen, wonach wir Ihre Daten nicht mehr verarbeiten werden. Der Widerruf Ihrer Zustimmung ber\u00fchrt nicht die Rechtm\u00e4\u00dfigkeit unserer Datenverarbeitung auf Basis Ihrer Zustimmung, die vor diesem Widerruf stattgefunden hat.\r\n\r\nSie haben auch das Recht auf Einsicht in Ihre personenbezogenen Daten und das Recht, Ihre personenbezogenen Daten zu berichtigen. Wenn Sie wissen m\u00f6chten, welche personenbezogenen Daten wir von Ihnen verarbeiten, k\u00f6nnen Sie per E-Mail einen Einsichtsantrag stellen. Sollten Ihre Daten falsch, unvollst\u00e4ndig oder nicht relevant sein, k\u00f6nnen Sie uns dazu auffordern, Ihre Daten zu \u00e4ndern oder zu erg\u00e4nzen.\r\n\r\nDar\u00fcber hinaus haben Sie das Recht, Ihre personenbezogenen Daten l\u00f6schen zu lassen, ein Recht auf Einschr\u00e4nkung der Verarbeitung und ein Recht, der Verarbeitung zu widersprechen. Au\u00dferdem haben Sie das Recht, Ihre Daten zu \u00fcbertragen oder \u00fcbertragbar zu machen. Auch hierf\u00fcr k\u00f6nnen Sie per E-Mail eine Anfrage stellen.\r\n\r\nWir werden Ihre Anfrage innerhalb einer Woche bearbeiten. Sie k\u00f6nnen Ihre Anfrage per E-Mail an uns senden an <a rel=\"noopener\">info@silverfit.com.<\/a>\t\t\t\t\t\t\t\t<\/div>\n\t\t\t\t<\/div>\n\t\t\t\t<\/div>\n\t\t<div class=\"elementor-element elementor-element-f1d047d e-con-full e-flex e-con e-child\" data-id=\"f1d047d\" data-element_type=\"container\" data-e-type=\"container\">\n\t\t\t\t<div class=\"elementor-element elementor-element-29d20ff elementor-widget elementor-widget-heading\" data-id=\"29d20ff\" data-element_type=\"widget\" data-e-type=\"widget\" data-widget_type=\"heading.default\">\n\t\t\t\t<div class=\"elementor-widget-container\">\n\t\t\t\t\t<h5 class=\"elementor-heading-title elementor-size-default\">\u00c4nderungen<\/h5>\t\t\t\t<\/div>\n\t\t\t\t<\/div>\n\t\t\t\t<div class=\"elementor-element elementor-element-9a7af88 elementor-widget elementor-widget-text-editor\" data-id=\"9a7af88\" data-element_type=\"widget\" data-e-type=\"widget\" data-widget_type=\"text-editor.default\">\n\t\t\t\t<div class=\"elementor-widget-container\">\n\t\t\t\t\t\t\t\t\t<p>Wir behalten uns das Recht vor, \u00c4nderungen an dieser Datenschutzrichtlinie vorzunehmen. Die \u00c4nderungen treten zum angegebenen Zeitpunkt der Inkrafttretung in Kraft.<\/p>\n\t\t\t\t\t\t\t\t<\/div>\n\t\t\t\t<\/div>\n\t\t\t\t<\/div>\n\t\t\t\t\t<\/div>\n\t\t\t\t<\/div>\n\t\t\t\t<\/div>\n\t\t","protected":false},"excerpt":{"rendered":"<p>Datenschutzrichtlinie von SilverFit Zuletzt aktualisiert: 18 Februar, 2025 \u00dcber uns Die Website https:\/\/www.silverfit.com wird von der SilverFit GmbH betrieben. Unsere Kontaktdaten lauten:SilverFit GmbHCremon 11D-20457 Hamburg, GermanyE: info@silverfit.comT: +49 (0)151 1186 3610Amtsgericht Hamburg, HRB 188449 Die SilverFit GmbH ist Teil von SilverFit BV:Edisonweg 73442 AC Woerden, The NetherlandsE: info@silverfit.nlT: +31 (0) 348 769 110KvK: 24438852 Gesch\u00e4ftsf\u00fchrung: [&hellip;]<\/p>\n","protected":false},"author":1,"featured_media":0,"parent":0,"menu_order":0,"comment_status":"closed","ping_status":"closed","template":"","meta":{"footnotes":""},"categories":[],"class_list":["post-5812","page","type-page","status-publish","hentry"],"_links":{"self":[{"href":"https:\/\/www.silverfit.com\/de\/wp-json\/wp\/v2\/pages\/5812","targetHints":{"allow":["GET"]}}],"collection":[{"href":"https:\/\/www.silverfit.com\/de\/wp-json\/wp\/v2\/pages"}],"about":[{"href":"https:\/\/www.silverfit.com\/de\/wp-json\/wp\/v2\/types\/page"}],"author":[{"embeddable":true,"href":"https:\/\/www.silverfit.com\/de\/wp-json\/wp\/v2\/users\/1"}],"replies":[{"embeddable":true,"href":"https:\/\/www.silverfit.com\/de\/wp-json\/wp\/v2\/comments?post=5812"}],"version-history":[{"count":3,"href":"https:\/\/www.silverfit.com\/de\/wp-json\/wp\/v2\/pages\/5812\/revisions"}],"predecessor-version":[{"id":12357,"href":"https:\/\/www.silverfit.com\/de\/wp-json\/wp\/v2\/pages\/5812\/revisions\/12357"}],"wp:attachment":[{"href":"https:\/\/www.silverfit.com\/de\/wp-json\/wp\/v2\/media?parent=5812"}],"wp:term":[{"taxonomy":"category","embeddable":true,"href":"https:\/\/www.silverfit.com\/de\/wp-json\/wp\/v2\/categories?post=5812"}],"curies":[{"name":"wp","href":"https:\/\/api.w.org\/{rel}","templated":true}]}}