{"id":5800,"date":"2024-10-17T15:19:31","date_gmt":"2024-10-17T13:19:31","guid":{"rendered":"https:\/\/www.silverfit.com\/ueber-silverfit\/"},"modified":"2026-03-23T13:35:31","modified_gmt":"2026-03-23T12:35:31","slug":"ueber-silverfit","status":"publish","type":"page","link":"https:\/\/www.silverfit.com\/de\/ueber-silverfit\/","title":{"rendered":"\u00dcber SilverFit"},"content":{"rendered":"\t\t<div data-elementor-type=\"wp-page\" data-elementor-id=\"5800\" class=\"elementor elementor-5800 elementor-767\" data-elementor-post-type=\"page\">\n\t\t\t\t<div class=\"elementor-element elementor-element-b5a8e39 generic-section e-flex e-con-boxed e-con e-parent\" data-id=\"b5a8e39\" data-element_type=\"container\" data-e-type=\"container\">\n\t\t\t\t\t<div class=\"e-con-inner\">\n\t\t<div class=\"elementor-element elementor-element-8aa140d e-con-full e-flex e-con e-child\" data-id=\"8aa140d\" data-element_type=\"container\" data-e-type=\"container\">\n\t\t\t\t<div class=\"elementor-element elementor-element-b4cc0f1 sf_subtitel elementor-widget elementor-widget-heading\" data-id=\"b4cc0f1\" data-element_type=\"widget\" data-e-type=\"widget\" data-widget_type=\"heading.default\">\n\t\t\t\t<div class=\"elementor-widget-container\">\n\t\t\t\t\t<h1 class=\"elementor-heading-title elementor-size-default\">\u00dcber SilverFit<\/h1>\t\t\t\t<\/div>\n\t\t\t\t<\/div>\n\t\t\t\t<div class=\"elementor-element elementor-element-8946e16 sf_titel elementor-widget elementor-widget-heading\" data-id=\"8946e16\" data-element_type=\"widget\" data-e-type=\"widget\" data-widget_type=\"heading.default\">\n\t\t\t\t<div class=\"elementor-widget-container\">\n\t\t\t\t\t<h2 class=\"elementor-heading-title elementor-size-default\">Unser <u>Team<\/u><\/h2>\t\t\t\t<\/div>\n\t\t\t\t<\/div>\n\t\t\t\t<div class=\"elementor-element elementor-element-9d8ec94 elementor-widget elementor-widget-text-editor\" data-id=\"9d8ec94\" data-element_type=\"widget\" data-e-type=\"widget\" data-widget_type=\"text-editor.default\">\n\t\t\t\t<div class=\"elementor-widget-container\">\n\t\t\t\t\t\t\t\t\t<p>Bei SilverFit glauben wir an die Kraft von Bewegung und Technologie, um die Lebensqualit\u00e4t zu verbessern. Seit unserer Gr\u00fcndung im Jahr 2008 entwickeln wir innovative Technologien, die \u00e4lteren Menschen und Rehabilitierenden helfen, aktiv und gesund zu bleiben. Unsere Mission ist einfach: Produkte zu schaffen, die nicht nur das k\u00f6rperliche Wohlbefinden f\u00f6rdern, sondern auch Freude und Motivation in die t\u00e4glichen Routinen unserer Nutzer bringen.<\/p>\n\t\t\t\t\t\t\t\t<\/div>\n\t\t\t\t<\/div>\n\t\t<div class=\"elementor-element elementor-element-2271a86 e-con-full e-flex e-con e-child\" data-id=\"2271a86\" data-element_type=\"container\" data-e-type=\"container\">\n\t\t\t\t<div class=\"elementor-element elementor-element-f4498e9 btn_first elementor-widget elementor-widget-button\" data-id=\"f4498e9\" data-element_type=\"widget\" data-e-type=\"widget\" data-widget_type=\"button.default\">\n\t\t\t\t<div class=\"elementor-widget-container\">\n\t\t\t\t\t\t\t\t\t<div class=\"elementor-button-wrapper\">\n\t\t\t\t\t<a class=\"elementor-button elementor-button-link elementor-size-sm\" href=\"#mission-vision\">\n\t\t\t\t\t\t<span class=\"elementor-button-content-wrapper\">\n\t\t\t\t\t\t<span class=\"elementor-button-icon\">\n\t\t\t\t<i aria-hidden=\"true\" class=\"fal fa-long-arrow-right\"><\/i>\t\t\t<\/span>\n\t\t\t\t\t\t\t\t\t<span class=\"elementor-button-text\">Mission und Vision<\/span>\n\t\t\t\t\t<\/span>\n\t\t\t\t\t<\/a>\n\t\t\t\t<\/div>\n\t\t\t\t\t\t\t\t<\/div>\n\t\t\t\t<\/div>\n\t\t\t\t<div class=\"elementor-element elementor-element-9121708 btn_first elementor-widget elementor-widget-button\" data-id=\"9121708\" data-element_type=\"widget\" data-e-type=\"widget\" data-widget_type=\"button.default\">\n\t\t\t\t<div class=\"elementor-widget-container\">\n\t\t\t\t\t\t\t\t\t<div class=\"elementor-button-wrapper\">\n\t\t\t\t\t<a class=\"elementor-button elementor-button-link elementor-size-sm\" href=\"#geschichte\">\n\t\t\t\t\t\t<span class=\"elementor-button-content-wrapper\">\n\t\t\t\t\t\t<span class=\"elementor-button-icon\">\n\t\t\t\t<i aria-hidden=\"true\" class=\"fal fa-long-arrow-right\"><\/i>\t\t\t<\/span>\n\t\t\t\t\t\t\t\t\t<span class=\"elementor-button-text\">Unsere Geschichte<\/span>\n\t\t\t\t\t<\/span>\n\t\t\t\t\t<\/a>\n\t\t\t\t<\/div>\n\t\t\t\t\t\t\t\t<\/div>\n\t\t\t\t<\/div>\n\t\t\t\t<\/div>\n\t\t\t\t<div class=\"elementor-element elementor-element-d8f200a btn_forward elementor-align-center elementor-widget elementor-widget-button\" data-id=\"d8f200a\" data-element_type=\"widget\" data-e-type=\"widget\" data-widget_type=\"button.default\">\n\t\t\t\t<div class=\"elementor-widget-container\">\n\t\t\t\t\t\t\t\t\t<div class=\"elementor-button-wrapper\">\n\t\t\t\t\t<a class=\"elementor-button elementor-button-link elementor-size-sm\" href=\"\/de\/stellenangebote\/\">\n\t\t\t\t\t\t<span class=\"elementor-button-content-wrapper\">\n\t\t\t\t\t\t<span class=\"elementor-button-icon\">\n\t\t\t\t<i aria-hidden=\"true\" class=\"fal fa-long-arrow-right\"><\/i>\t\t\t<\/span>\n\t\t\t\t\t\t\t\t\t<span class=\"elementor-button-text\">Arbeiten bei SilverFit (<span class=\"count\">1<\/span>)<\/span>\n\t\t\t\t\t<\/span>\n\t\t\t\t\t<\/a>\n\t\t\t\t<\/div>\n\t\t\t\t\t\t\t\t<\/div>\n\t\t\t\t<\/div>\n\t\t\t\t<\/div>\n\t\t<div class=\"elementor-element elementor-element-8b15cdd e-con-full e-flex e-con e-child\" data-id=\"8b15cdd\" data-element_type=\"container\" data-e-type=\"container\">\n\t\t\t\t<div class=\"elementor-element elementor-element-40c42c7 elementor-widget elementor-widget-image\" data-id=\"40c42c7\" data-element_type=\"widget\" data-e-type=\"widget\" data-widget_type=\"image.default\">\n\t\t\t\t<div class=\"elementor-widget-container\">\n\t\t\t\t\t\t\t\t\t\t\t\t\t\t\t<img fetchpriority=\"high\" decoding=\"async\" width=\"2400\" height=\"1200\" src=\"https:\/\/www.silverfit.com\/wp-content\/uploads\/silverfit_over_ons-1.webp\" class=\"attachment-full size-full wp-image-14434\" alt=\"\" srcset=\"https:\/\/www.silverfit.com\/wp-content\/uploads\/silverfit_over_ons-1.webp 2400w, https:\/\/www.silverfit.com\/wp-content\/uploads\/silverfit_over_ons-1-300x150.webp 300w, https:\/\/www.silverfit.com\/wp-content\/uploads\/silverfit_over_ons-1-1024x512.webp 1024w, https:\/\/www.silverfit.com\/wp-content\/uploads\/silverfit_over_ons-1-768x384.webp 768w, https:\/\/www.silverfit.com\/wp-content\/uploads\/silverfit_over_ons-1-1536x768.webp 1536w, https:\/\/www.silverfit.com\/wp-content\/uploads\/silverfit_over_ons-1-2048x1024.webp 2048w\" sizes=\"(max-width: 2400px) 100vw, 2400px\" \/>\t\t\t\t\t\t\t\t\t\t\t\t\t\t\t<\/div>\n\t\t\t\t<\/div>\n\t\t\t\t<\/div>\n\t\t\t\t\t<\/div>\n\t\t\t\t<\/div>\n\t\t<div class=\"elementor-element elementor-element-b93408f generic-section sf_gradient e-flex e-con-boxed e-con e-parent\" data-id=\"b93408f\" data-element_type=\"container\" data-e-type=\"container\" id=\"mission-vision\">\n\t\t\t\t\t<div class=\"e-con-inner\">\n\t\t<div class=\"elementor-element elementor-element-fa22c97 e-con-full e-flex e-con e-child\" data-id=\"fa22c97\" data-element_type=\"container\" data-e-type=\"container\">\n\t\t<div class=\"elementor-element elementor-element-90aceba e-con-full e-flex e-con e-child\" data-id=\"90aceba\" data-element_type=\"container\" data-e-type=\"container\">\n\t\t\t\t<div class=\"elementor-element elementor-element-c7c3915 sf_subtitel elementor-widget elementor-widget-heading\" data-id=\"c7c3915\" data-element_type=\"widget\" data-e-type=\"widget\" data-widget_type=\"heading.default\">\n\t\t\t\t<div class=\"elementor-widget-container\">\n\t\t\t\t\t<span class=\"elementor-heading-title elementor-size-default\">Lebensqualit\u00e4t verbessern<\/span>\t\t\t\t<\/div>\n\t\t\t\t<\/div>\n\t\t\t\t<div class=\"elementor-element elementor-element-3106f0c elementor-widget elementor-widget-heading\" data-id=\"3106f0c\" data-element_type=\"widget\" data-e-type=\"widget\" data-widget_type=\"heading.default\">\n\t\t\t\t<div class=\"elementor-widget-container\">\n\t\t\t\t\t<h2 class=\"elementor-heading-title elementor-size-default\"><u>Mission<\/u> von SilverFit<\/h2>\t\t\t\t<\/div>\n\t\t\t\t<\/div>\n\t\t\t\t<div class=\"elementor-element elementor-element-3c1c9d9 elementor-widget elementor-widget-text-editor\" data-id=\"3c1c9d9\" data-element_type=\"widget\" data-e-type=\"widget\" data-widget_type=\"text-editor.default\">\n\t\t\t\t<div class=\"elementor-widget-container\">\n\t\t\t\t\t\t\t\t\t<p>SilverFit setzt sich daf\u00fcr ein, die Lebensqualit\u00e4t von Senioren und Rehabilitierenden zu verbessern, indem Technologie auf eine zug\u00e4ngliche und unterhaltsame Weise eingesetzt wird. Mit innovativen L\u00f6sungen wie interaktiven Bewegungsspielen und virtuellen Umgebungen m\u00f6chte SilverFit Senioren anregen, sich mehr zu bewegen und zu rehabilitieren, damit sie l\u00e4nger vital und selbstst\u00e4ndig bleiben. Das Ziel ist es, k\u00f6rperliche Aktivit\u00e4t sowohl unterhaltsam als auch herausfordernd zu gestalten, wodurch Senioren motiviert bleiben, aktiv zu sein.<\/p>\n\t\t\t\t\t\t\t\t<\/div>\n\t\t\t\t<\/div>\n\t\t\t\t<\/div>\n\t\t<div class=\"elementor-element elementor-element-3e91286 e-con-full e-flex e-con e-child\" data-id=\"3e91286\" data-element_type=\"container\" data-e-type=\"container\">\n\t\t\t\t<div class=\"elementor-element elementor-element-cadb3b9 elementor-widget elementor-widget-image\" data-id=\"cadb3b9\" data-element_type=\"widget\" data-e-type=\"widget\" data-widget_type=\"image.default\">\n\t\t\t\t<div class=\"elementor-widget-container\">\n\t\t\t\t\t\t\t\t\t\t\t\t\t\t\t<img decoding=\"async\" width=\"1320\" height=\"880\" src=\"https:\/\/www.silverfit.com\/wp-content\/uploads\/silverfit_over_ons_02.webp\" class=\"attachment-full size-full wp-image-4954\" alt=\"\" srcset=\"https:\/\/www.silverfit.com\/wp-content\/uploads\/silverfit_over_ons_02.webp 1320w, https:\/\/www.silverfit.com\/wp-content\/uploads\/silverfit_over_ons_02-300x200.webp 300w, https:\/\/www.silverfit.com\/wp-content\/uploads\/silverfit_over_ons_02-1024x683.webp 1024w, https:\/\/www.silverfit.com\/wp-content\/uploads\/silverfit_over_ons_02-768x512.webp 768w\" sizes=\"(max-width: 1320px) 100vw, 1320px\" \/>\t\t\t\t\t\t\t\t\t\t\t\t\t\t\t<\/div>\n\t\t\t\t<\/div>\n\t\t\t\t<\/div>\n\t\t\t\t<\/div>\n\t\t<div class=\"elementor-element elementor-element-f1f1fa0 e-con-full e-flex e-con e-child\" data-id=\"f1f1fa0\" data-element_type=\"container\" data-e-type=\"container\">\n\t\t<div class=\"elementor-element elementor-element-bbee730 e-con-full e-flex e-con e-child\" data-id=\"bbee730\" data-element_type=\"container\" data-e-type=\"container\">\n\t\t\t\t<div class=\"elementor-element elementor-element-7997146 elementor-widget elementor-widget-image\" data-id=\"7997146\" data-element_type=\"widget\" data-e-type=\"widget\" data-widget_type=\"image.default\">\n\t\t\t\t<div class=\"elementor-widget-container\">\n\t\t\t\t\t\t\t\t\t\t\t\t\t\t\t<img decoding=\"async\" width=\"1320\" height=\"880\" src=\"https:\/\/www.silverfit.com\/wp-content\/uploads\/silverfit_over_ons_03.webp\" class=\"attachment-full size-full wp-image-4945\" alt=\"\" srcset=\"https:\/\/www.silverfit.com\/wp-content\/uploads\/silverfit_over_ons_03.webp 1320w, https:\/\/www.silverfit.com\/wp-content\/uploads\/silverfit_over_ons_03-300x200.webp 300w, https:\/\/www.silverfit.com\/wp-content\/uploads\/silverfit_over_ons_03-1024x683.webp 1024w, https:\/\/www.silverfit.com\/wp-content\/uploads\/silverfit_over_ons_03-768x512.webp 768w\" sizes=\"(max-width: 1320px) 100vw, 1320px\" \/>\t\t\t\t\t\t\t\t\t\t\t\t\t\t\t<\/div>\n\t\t\t\t<\/div>\n\t\t\t\t<\/div>\n\t\t<div class=\"elementor-element elementor-element-962fa2a e-con-full e-flex e-con e-child\" data-id=\"962fa2a\" data-element_type=\"container\" data-e-type=\"container\">\n\t\t\t\t<div class=\"elementor-element elementor-element-c4f8645 sf_subtitel elementor-widget elementor-widget-heading\" data-id=\"c4f8645\" data-element_type=\"widget\" data-e-type=\"widget\" data-widget_type=\"heading.default\">\n\t\t\t\t<div class=\"elementor-widget-container\">\n\t\t\t\t\t<span class=\"elementor-heading-title elementor-size-default\">Positiver Beitrag<\/span>\t\t\t\t<\/div>\n\t\t\t\t<\/div>\n\t\t\t\t<div class=\"elementor-element elementor-element-9f76cb9 elementor-widget elementor-widget-heading\" data-id=\"9f76cb9\" data-element_type=\"widget\" data-e-type=\"widget\" data-widget_type=\"heading.default\">\n\t\t\t\t<div class=\"elementor-widget-container\">\n\t\t\t\t\t<h2 class=\"elementor-heading-title elementor-size-default\"><u>Vision<\/u> von SilverFit<\/h2>\t\t\t\t<\/div>\n\t\t\t\t<\/div>\n\t\t\t\t<div class=\"elementor-element elementor-element-855f3da elementor-widget elementor-widget-text-editor\" data-id=\"855f3da\" data-element_type=\"widget\" data-e-type=\"widget\" data-widget_type=\"text-editor.default\">\n\t\t\t\t<div class=\"elementor-widget-container\">\n\t\t\t\t\t\t\t\t\t<p>SilverFit glaubt an eine Zukunft, in der Senioren und Menschen mit Rehabilitationsbedarf durch Technologie auf eine effektive und positive Weise unterst\u00fctzt werden. Wir stellen uns vor, dass Technologie ein integraler Bestandteil der Pflege wird, wobei die Nutzer auf eine intuitive und zug\u00e4ngliche Weise unterst\u00fctzt werden, ihre k\u00f6rperliche und geistige Gesundheit zu verbessern. SilverFit m\u00f6chte zu einer Gesellschaft beitragen, in der Alterung und Rehabilitation als positive Erfahrungen wahrgenommen werden, bei denen Selbstst\u00e4ndigkeit und Lebensfreude im Mittelpunkt stehen.<\/p>\n\t\t\t\t\t\t\t\t<\/div>\n\t\t\t\t<\/div>\n\t\t\t\t<\/div>\n\t\t\t\t<\/div>\n\t\t\t\t\t<\/div>\n\t\t\t\t<\/div>\n\t\t<div class=\"elementor-element elementor-element-c7a5a7a generic-section e-flex e-con-boxed e-con e-parent\" data-id=\"c7a5a7a\" data-element_type=\"container\" data-e-type=\"container\" id=\"geschichte\">\n\t\t\t\t\t<div class=\"e-con-inner\">\n\t\t<div class=\"elementor-element elementor-element-1500e1d e-con-full e-flex e-con e-child\" data-id=\"1500e1d\" data-element_type=\"container\" data-e-type=\"container\">\n\t\t\t\t<div class=\"elementor-element elementor-element-cec17cc sf_subtitel elementor-widget elementor-widget-heading\" data-id=\"cec17cc\" data-element_type=\"widget\" data-e-type=\"widget\" data-widget_type=\"heading.default\">\n\t\t\t\t<div class=\"elementor-widget-container\">\n\t\t\t\t\t<span class=\"elementor-heading-title elementor-size-default\">SilverFit im Laufe der Jahre<\/span>\t\t\t\t<\/div>\n\t\t\t\t<\/div>\n\t\t\t\t<div class=\"elementor-element elementor-element-8714866 elementor-widget elementor-widget-heading\" data-id=\"8714866\" data-element_type=\"widget\" data-e-type=\"widget\" data-widget_type=\"heading.default\">\n\t\t\t\t<div class=\"elementor-widget-container\">\n\t\t\t\t\t<h2 class=\"elementor-heading-title elementor-size-default\">Unsere <u> Geschichte<\/u><\/h2>\t\t\t\t<\/div>\n\t\t\t\t<\/div>\n\t\t\t\t<\/div>\n\t\t<div class=\"elementor-element elementor-element-0ed7bc6 e-con-full e-flex e-con e-child\" data-id=\"0ed7bc6\" data-element_type=\"container\" data-e-type=\"container\">\n\t\t\t\t<div class=\"elementor-element elementor-element-191e1e6 elementor-widget elementor-widget-jet-timeline\" data-id=\"191e1e6\" data-element_type=\"widget\" data-e-type=\"widget\" data-widget_type=\"jet-timeline.default\">\n\t\t\t\t<div class=\"elementor-widget-container\">\n\t\t\t\t\t<div class=\"elementor-jet-timeline jet-elements\"><div class=\"jet-timeline jet-timeline--align-center jet-timeline--align-middle\">\n\t<div class=\"jet-timeline__line\"><div class=\"jet-timeline__line-progress\"><\/div><\/div>\n\t<div class=\"jet-timeline-list\"><div class=\"jet-timeline-item  elementor-repeater-item-97d498b jet-timeline-item--image-inside\">\n\t<div class=\"timeline-item__card\">\n\t\t<div class=\"timeline-item__card-inner\">\n\t\t\t\t\t\t\t\t<div class=\"timeline-item__card-content\">\n\t\t\t\t\t<div class=\"timeline-item__meta\"><div class=\"timeline-item__meta-content\">2008<\/div><\/div><h4 class=\"timeline-item__card-title\">Gr\u00fcndung von SilverFit<\/h4><div class=\"timeline-item__card-desc\">SilverFit wurde 2008 von Joris Wiersinga und Maaike Dekkers-Duijts mit dem Ziel gegr\u00fcndet, das Leben von Senioren durch innovative Technologie zu verbessern. Die Idee war, Menschen mit Freude in Bewegung zu bringen, beispielsweise w\u00e4hrend der Rehabilitation, durch den Einsatz von Computerspielen.<\/div>\t\t\t\t<\/div>\n\t\t\t\t\t\t<\/div>\n\t\t<div class=\"timeline-item__card-arrow\"><\/div>\n\t<\/div>\n\t<div class=\"timeline-item__point\"><div class=\"timeline-item__point-content timeline-item__point-content--icon\"><span class=\"jet-elements-icon\"><svg aria-hidden=\"true\" class=\"e-font-icon-svg e-fas-circle\" viewBox=\"0 0 512 512\" xmlns=\"http:\/\/www.w3.org\/2000\/svg\"><path d=\"M256 8C119 8 8 119 8 256s111 248 248 248 248-111 248-248S393 8 256 8z\"><\/path><\/svg><\/span><\/div><\/div><div class=\"timeline-item__meta\"><div class=\"timeline-item__meta-content\">2008<\/div><\/div><\/div><div class=\"jet-timeline-item  elementor-repeater-item-f332a0c jet-timeline-item--image-inside\">\n\t<div class=\"timeline-item__card\">\n\t\t<div class=\"timeline-item__card-inner\">\n\t\t\t\t\t\t\t\t<div class=\"timeline-item__card-content\">\n\t\t\t\t\t<div class=\"timeline-item__meta\"><div class=\"timeline-item__meta-content\">2009<\/div><\/div><h4 class=\"timeline-item__card-title\">Das erste System<\/h4><div class=\"timeline-item__card-desc\">Das erste System, das SilverFit mit 3D-Kamera, kam 2009 in den Niederlanden und Belgien auf den Markt. Bereits im Oktober 2009 trat SilverFit auch auf dem breiteren europ\u00e4ischen Markt in Erscheinung.<\/div>\t\t\t\t<\/div>\n\t\t\t\t\t\t<\/div>\n\t\t<div class=\"timeline-item__card-arrow\"><\/div>\n\t<\/div>\n\t<div class=\"timeline-item__point\"><div class=\"timeline-item__point-content timeline-item__point-content--icon\"><span class=\"jet-elements-icon\"><svg aria-hidden=\"true\" class=\"e-font-icon-svg e-fas-circle\" viewBox=\"0 0 512 512\" xmlns=\"http:\/\/www.w3.org\/2000\/svg\"><path d=\"M256 8C119 8 8 119 8 256s111 248 248 248 248-111 248-248S393 8 256 8z\"><\/path><\/svg><\/span><\/div><\/div><div class=\"timeline-item__meta\"><div class=\"timeline-item__meta-content\">2009<\/div><\/div><\/div><div class=\"jet-timeline-item  elementor-repeater-item-377bc50 jet-timeline-item--image-inside\">\n\t<div class=\"timeline-item__card\">\n\t\t<div class=\"timeline-item__card-inner\">\n\t\t\t\t\t\t\t\t<div class=\"timeline-item__card-content\">\n\t\t\t\t\t<div class=\"timeline-item__meta\"><div class=\"timeline-item__meta-content\">2010<\/div><\/div><h4 class=\"timeline-item__card-title\">Aktiv au\u00dferhalb Europas<\/h4><div class=\"timeline-item__card-desc\">2010 folgte der asiatische Markt, und 2011 wurde der US-amerikanische Markt zusammen mit einem amerikanischen Partner erschlossen.\r\n\r\n<\/div>\t\t\t\t<\/div>\n\t\t\t\t\t\t<\/div>\n\t\t<div class=\"timeline-item__card-arrow\"><\/div>\n\t<\/div>\n\t<div class=\"timeline-item__point\"><div class=\"timeline-item__point-content timeline-item__point-content--icon\"><span class=\"jet-elements-icon\"><svg aria-hidden=\"true\" class=\"e-font-icon-svg e-fas-circle\" viewBox=\"0 0 512 512\" xmlns=\"http:\/\/www.w3.org\/2000\/svg\"><path d=\"M256 8C119 8 8 119 8 256s111 248 248 248 248-111 248-248S393 8 256 8z\"><\/path><\/svg><\/span><\/div><\/div><div class=\"timeline-item__meta\"><div class=\"timeline-item__meta-content\">2010<\/div><\/div><\/div><div class=\"jet-timeline-item  elementor-repeater-item-1c31ac9 jet-timeline-item--image-inside\">\n\t<div class=\"timeline-item__card\">\n\t\t<div class=\"timeline-item__card-inner\">\n\t\t\t\t\t\t\t\t<div class=\"timeline-item__card-content\">\n\t\t\t\t\t<div class=\"timeline-item__meta\"><div class=\"timeline-item__meta-content\">2014<\/div><\/div><h4 class=\"timeline-item__card-title\">SilverFit gewinnt den MKB Innovationspreis<\/h4><div class=\"timeline-item__card-desc\">2014 gewinnt SilverFit den MKB Innovationspreis mit dem SilverFit Rephagia-System.<\/div>\t\t\t\t<\/div>\n\t\t\t\t\t\t<\/div>\n\t\t<div class=\"timeline-item__card-arrow\"><\/div>\n\t<\/div>\n\t<div class=\"timeline-item__point\"><div class=\"timeline-item__point-content timeline-item__point-content--icon\"><span class=\"jet-elements-icon\"><svg aria-hidden=\"true\" class=\"e-font-icon-svg e-fas-circle\" viewBox=\"0 0 512 512\" xmlns=\"http:\/\/www.w3.org\/2000\/svg\"><path d=\"M256 8C119 8 8 119 8 256s111 248 248 248 248-111 248-248S393 8 256 8z\"><\/path><\/svg><\/span><\/div><\/div><div class=\"timeline-item__meta\"><div class=\"timeline-item__meta-content\">2014<\/div><\/div><\/div><div class=\"jet-timeline-item  elementor-repeater-item-2c55f85 jet-timeline-item--image-inside\">\n\t<div class=\"timeline-item__card\">\n\t\t<div class=\"timeline-item__card-inner\">\n\t\t\t\t\t\t\t\t<div class=\"timeline-item__card-content\">\n\t\t\t\t\t<div class=\"timeline-item__meta\"><div class=\"timeline-item__meta-content\">2017<\/div><\/div><h4 class=\"timeline-item__card-title\">Finalist des Nationalen Gesundheitsinnovationspreises<\/h4><div class=\"timeline-item__card-desc\">Der Nationale Gesundheitsinnovationspreis ist ein j\u00e4hrlicher Preis, der innovative L\u00f6sungen im Gesundheitssektor auszeichnet, die darauf abzielen, die Qualit\u00e4t der Pflege und das Leben der Klienten zu verbessern. SilverFit erreichte mit ihrem innovativen Einsatz von Gesundheitstechnologie das Top-3-Finale.<\/div>\t\t\t\t<\/div>\n\t\t\t\t\t\t<\/div>\n\t\t<div class=\"timeline-item__card-arrow\"><\/div>\n\t<\/div>\n\t<div class=\"timeline-item__point\"><div class=\"timeline-item__point-content timeline-item__point-content--icon\"><span class=\"jet-elements-icon\"><svg aria-hidden=\"true\" class=\"e-font-icon-svg e-fas-circle\" viewBox=\"0 0 512 512\" xmlns=\"http:\/\/www.w3.org\/2000\/svg\"><path d=\"M256 8C119 8 8 119 8 256s111 248 248 248 248-111 248-248S393 8 256 8z\"><\/path><\/svg><\/span><\/div><\/div><div class=\"timeline-item__meta\"><div class=\"timeline-item__meta-content\">2017<\/div><\/div><\/div><div class=\"jet-timeline-item  elementor-repeater-item-f863f3c jet-timeline-item--image-inside\">\n\t<div class=\"timeline-item__card\">\n\t\t<div class=\"timeline-item__card-inner\">\n\t\t\t\t\t\t\t\t<div class=\"timeline-item__card-content\">\n\t\t\t\t\t<div class=\"timeline-item__meta\"><div class=\"timeline-item__meta-content\">2023<\/div><\/div><h4 class=\"timeline-item__card-title\">Zertifizierte Qualit\u00e4t<\/h4><div class=\"timeline-item__card-desc\">Die Arbeitsweise von SilverFit ist zertifiziert und entspricht den ISO 13485-Normen f\u00fcr medizinische Produkte und den IEC 62304-Normen f\u00fcr medizinische Software.<\/div>\t\t\t\t<\/div>\n\t\t\t\t\t\t<\/div>\n\t\t<div class=\"timeline-item__card-arrow\"><\/div>\n\t<\/div>\n\t<div class=\"timeline-item__point\"><div class=\"timeline-item__point-content timeline-item__point-content--icon\"><span class=\"jet-elements-icon\"><svg aria-hidden=\"true\" class=\"e-font-icon-svg e-fas-circle\" viewBox=\"0 0 512 512\" xmlns=\"http:\/\/www.w3.org\/2000\/svg\"><path d=\"M256 8C119 8 8 119 8 256s111 248 248 248 248-111 248-248S393 8 256 8z\"><\/path><\/svg><\/span><\/div><\/div><div class=\"timeline-item__meta\"><div class=\"timeline-item__meta-content\">2023<\/div><\/div><\/div><div class=\"jet-timeline-item  elementor-repeater-item-426cc96 jet-timeline-item--image-inside\">\n\t<div class=\"timeline-item__card\">\n\t\t<div class=\"timeline-item__card-inner\">\n\t\t\t\t\t\t\t\t<div class=\"timeline-item__card-content\">\n\t\t\t\t\t<div class=\"timeline-item__meta\"><div class=\"timeline-item__meta-content\">2024<\/div><\/div><h4 class=\"timeline-item__card-title\">MDR-zertifizierte Produkte<\/h4><div class=\"timeline-item__card-desc\">Die medizinischen Produkte von SilverFit entsprechen den neuen MDR-Anforderungen f\u00fcr das CE-Zeichen.<\/div>\t\t\t\t<\/div>\n\t\t\t\t\t\t<\/div>\n\t\t<div class=\"timeline-item__card-arrow\"><\/div>\n\t<\/div>\n\t<div class=\"timeline-item__point\"><div class=\"timeline-item__point-content timeline-item__point-content--icon\"><span class=\"jet-elements-icon\"><svg aria-hidden=\"true\" class=\"e-font-icon-svg e-fas-circle\" viewBox=\"0 0 512 512\" xmlns=\"http:\/\/www.w3.org\/2000\/svg\"><path d=\"M256 8C119 8 8 119 8 256s111 248 248 248 248-111 248-248S393 8 256 8z\"><\/path><\/svg><\/span><\/div><\/div><div class=\"timeline-item__meta\"><div class=\"timeline-item__meta-content\">2024<\/div><\/div><\/div><div class=\"jet-timeline-item  elementor-repeater-item-ed4935c jet-timeline-item--image-inside\">\n\t<div class=\"timeline-item__card\">\n\t\t<div class=\"timeline-item__card-inner\">\n\t\t\t\t\t\t\t\t<div class=\"timeline-item__card-content\">\n\t\t\t\t\t<div class=\"timeline-item__meta\"><div class=\"timeline-item__meta-content\">2024<\/div><\/div><h4 class=\"timeline-item__card-title\">\u00dcbernahme von RetroBrain<\/h4><div class=\"timeline-item__card-desc\">SilverFit \u00fcbernimmt das deutsche Unternehmen RetroBrain, das pr\u00e4ventive und therapeutische Videospiele f\u00fcr Senioren entwickelt.<\/div>\t\t\t\t<\/div>\n\t\t\t\t\t\t<\/div>\n\t\t<div class=\"timeline-item__card-arrow\"><\/div>\n\t<\/div>\n\t<div class=\"timeline-item__point\"><div class=\"timeline-item__point-content timeline-item__point-content--icon\"><span class=\"jet-elements-icon\"><svg aria-hidden=\"true\" class=\"e-font-icon-svg e-fas-circle\" viewBox=\"0 0 512 512\" xmlns=\"http:\/\/www.w3.org\/2000\/svg\"><path d=\"M256 8C119 8 8 119 8 256s111 248 248 248 248-111 248-248S393 8 256 8z\"><\/path><\/svg><\/span><\/div><\/div><div class=\"timeline-item__meta\"><div class=\"timeline-item__meta-content\">2024<\/div><\/div><\/div><\/div><\/div><\/div>\t\t\t\t<\/div>\n\t\t\t\t<\/div>\n\t\t\t\t<\/div>\n\t\t\t\t\t<\/div>\n\t\t\t\t<\/div>\n\t\t\t\t<\/div>\n\t\t","protected":false},"excerpt":{"rendered":"<p>\u00dcber SilverFit Unser Team Bei SilverFit glauben wir an die Kraft von Bewegung und Technologie, um die Lebensqualit\u00e4t zu verbessern. Seit unserer Gr\u00fcndung im Jahr 2008 entwickeln wir innovative Technologien, die \u00e4lteren Menschen und Rehabilitierenden helfen, aktiv und gesund zu bleiben. Unsere Mission ist einfach: Produkte zu schaffen, die nicht nur das k\u00f6rperliche Wohlbefinden f\u00f6rdern, [&hellip;]<\/p>\n","protected":false},"author":1,"featured_media":0,"parent":0,"menu_order":0,"comment_status":"closed","ping_status":"closed","template":"","meta":{"footnotes":""},"categories":[],"class_list":["post-5800","page","type-page","status-publish","hentry"],"_links":{"self":[{"href":"https:\/\/www.silverfit.com\/de\/wp-json\/wp\/v2\/pages\/5800","targetHints":{"allow":["GET"]}}],"collection":[{"href":"https:\/\/www.silverfit.com\/de\/wp-json\/wp\/v2\/pages"}],"about":[{"href":"https:\/\/www.silverfit.com\/de\/wp-json\/wp\/v2\/types\/page"}],"author":[{"embeddable":true,"href":"https:\/\/www.silverfit.com\/de\/wp-json\/wp\/v2\/users\/1"}],"replies":[{"embeddable":true,"href":"https:\/\/www.silverfit.com\/de\/wp-json\/wp\/v2\/comments?post=5800"}],"version-history":[{"count":9,"href":"https:\/\/www.silverfit.com\/de\/wp-json\/wp\/v2\/pages\/5800\/revisions"}],"predecessor-version":[{"id":14449,"href":"https:\/\/www.silverfit.com\/de\/wp-json\/wp\/v2\/pages\/5800\/revisions\/14449"}],"wp:attachment":[{"href":"https:\/\/www.silverfit.com\/de\/wp-json\/wp\/v2\/media?parent=5800"}],"wp:term":[{"taxonomy":"category","embeddable":true,"href":"https:\/\/www.silverfit.com\/de\/wp-json\/wp\/v2\/categories?post=5800"}],"curies":[{"name":"wp","href":"https:\/\/api.w.org\/{rel}","templated":true}]}}