{"id":5794,"date":"2024-10-31T09:35:33","date_gmt":"2024-10-31T08:35:33","guid":{"rendered":"https:\/\/www.silverfit.com\/cookie-richtlinie\/"},"modified":"2025-02-17T16:32:56","modified_gmt":"2025-02-17T15:32:56","slug":"cookie-richtlinie","status":"publish","type":"page","link":"https:\/\/www.silverfit.com\/de\/cookie-richtlinie\/","title":{"rendered":"Cookie-Richtlinie"},"content":{"rendered":"\t\t<div data-elementor-type=\"wp-page\" data-elementor-id=\"5794\" class=\"elementor elementor-5794 elementor-2116\" data-elementor-post-type=\"page\">\n\t\t\t\t<div class=\"elementor-element elementor-element-de39216 generic-section sf_textwrap_none e-flex e-con-boxed e-con e-child\" data-id=\"de39216\" data-element_type=\"container\" data-e-type=\"container\">\n\t\t\t\t\t<div class=\"e-con-inner\">\n\t\t<div class=\"elementor-element elementor-element-16814ad e-con-full e-flex e-con e-child\" data-id=\"16814ad\" data-element_type=\"container\" data-e-type=\"container\">\n\t\t\t\t<div class=\"elementor-element elementor-element-6a3a474 elementor-widget elementor-widget-heading\" data-id=\"6a3a474\" data-element_type=\"widget\" data-e-type=\"widget\" data-widget_type=\"heading.default\">\n\t\t\t\t<div class=\"elementor-widget-container\">\n\t\t\t\t\t<h1 class=\"elementor-heading-title elementor-size-default\"><u>Cookie-Richtlinie<\/u> von SilverFit<\/h1>\t\t\t\t<\/div>\n\t\t\t\t<\/div>\n\t\t\t\t<div class=\"elementor-element elementor-element-aaa987a elementor-widget elementor-widget-jet-listing-dynamic-field\" data-id=\"aaa987a\" data-element_type=\"widget\" data-e-type=\"widget\" data-widget_type=\"jet-listing-dynamic-field.default\">\n\t\t\t\t<div class=\"elementor-widget-container\">\n\t\t\t\t\t<div class=\"jet-listing jet-listing-dynamic-field display-multiline\"><div class=\"jet-listing-dynamic-field__content\" >Zuletzt aktualisiert: 17 Februar, 2025<\/div><\/div>\t\t\t\t<\/div>\n\t\t\t\t<\/div>\n\t\t\t\t<\/div>\n\t\t<div class=\"elementor-element elementor-element-dca94e3 e-con-full e-flex e-con e-child\" data-id=\"dca94e3\" data-element_type=\"container\" data-e-type=\"container\">\n\t\t\t\t<div class=\"elementor-element elementor-element-c3b1e96 elementor-widget elementor-widget-heading\" data-id=\"c3b1e96\" data-element_type=\"widget\" data-e-type=\"widget\" data-widget_type=\"heading.default\">\n\t\t\t\t<div class=\"elementor-widget-container\">\n\t\t\t\t\t<h5 class=\"elementor-heading-title elementor-size-default\">Was sind Cookies?<\/h5>\t\t\t\t<\/div>\n\t\t\t\t<\/div>\n\t\t\t\t<div class=\"elementor-element elementor-element-b6a25b5 elementor-widget elementor-widget-text-editor\" data-id=\"b6a25b5\" data-element_type=\"widget\" data-e-type=\"widget\" data-widget_type=\"text-editor.default\">\n\t\t\t\t<div class=\"elementor-widget-container\">\n\t\t\t\t\t\t\t\t\tEin Cookie ist eine kleine Textdatei, die eine Website auf der Festplatte Ihres Computers, Laptops, Tablets oder Smartphones ablegt, sobald Sie eine Website besuchen.\n\nEs gibt 3 Kategorien von Cookies:\n<ol>\n \t<li>Funktionale Cookies: Diese sorgen daf\u00fcr, dass unsere Website ordnungsgem\u00e4\u00df funktioniert (z. B. m\u00fcssen Sie sich als Nutzer unserer Website nicht immer wieder neu anmelden).<\/li>\n<li>Analytische Cookies: Sie erm\u00f6glichen es uns, zu untersuchen, woher die Besucher unserer Website kommen und wie lange sie auf bestimmten Seiten bleiben.<\/li>\n<li>Tracking-Cookies: Diese Marketing-Cookies erm\u00f6glichen es, unsere Website-Besucher auch auf anderen Websites zu verfolgen (so k\u00f6nnen die Website-Besucher z. B. auf ihr Surfverhalten zugeschnittene Werbung erhalten).<\/li><\/ol>\nBei Ihrem ersten Besuch bitten wir Sie um Ihre Zustimmung zum Setzen der verschiedenen Kategorien von Cookies. Wenn Sie die Zustimmung zu Cookies verweigern, k\u00f6nnen Sie unsere Website trotzdem besuchen. Allerdings k\u00f6nnen dann einige Funktionen weniger angenehm arbeiten.\nSie k\u00f6nnen die Zustimmung zum Setzen von Cookies auf unserer Website auch widerrufen. Auf unserer Website finden Sie im Footer-Men\u00fc (unten) eine Schaltfl\u00e4che zur Deaktivierung von Cookies.\t\t\t\t\t\t\t\t<\/div>\n\t\t\t\t<\/div>\n\t\t\t\t<\/div>\n\t\t<div class=\"elementor-element elementor-element-b27c623 e-con-full e-flex e-con e-child\" data-id=\"b27c623\" data-element_type=\"container\" data-e-type=\"container\">\n\t\t\t\t<div class=\"elementor-element elementor-element-17ff3ee elementor-widget elementor-widget-heading\" data-id=\"17ff3ee\" data-element_type=\"widget\" data-e-type=\"widget\" data-widget_type=\"heading.default\">\n\t\t\t\t<div class=\"elementor-widget-container\">\n\t\t\t\t\t<h5 class=\"elementor-heading-title elementor-size-default\">Analyse der Website-Besucher<\/h5>\t\t\t\t<\/div>\n\t\t\t\t<\/div>\n\t\t\t\t<div class=\"elementor-element elementor-element-b7577a2 elementor-widget elementor-widget-text-editor\" data-id=\"b7577a2\" data-element_type=\"widget\" data-e-type=\"widget\" data-widget_type=\"text-editor.default\">\n\t\t\t\t<div class=\"elementor-widget-container\">\n\t\t\t\t\t\t\t\t\tDa wir wissen m\u00f6chten, wer unsere Website-Besucher sind und wie unsere Besucher die Website nutzen, damit wir die Nutzung der Website optimieren k\u00f6nnen, verwenden wir Google Analytics. Dies geschieht mit Hilfe von analytischen Cookies. Weitere Informationen zu den Richtlinien von Google Analytics finden Sie <a href=\"https:\/\/policies.google.com\/privacy\" target=\"_blank\" rel=\"noopener\">hier<\/a>. Wir verwenden Ihr Surfverhalten selbst nicht, um Ihnen sp\u00e4ter Werbung auf anderen Websites zu zeigen.\t\t\t\t\t\t\t\t<\/div>\n\t\t\t\t<\/div>\n\t\t\t\t<\/div>\n\t\t<div class=\"elementor-element elementor-element-50101de e-con-full e-flex e-con e-child\" data-id=\"50101de\" data-element_type=\"container\" data-e-type=\"container\">\n\t\t\t\t<div class=\"elementor-element elementor-element-d8d5b67 elementor-widget elementor-widget-heading\" data-id=\"d8d5b67\" data-element_type=\"widget\" data-e-type=\"widget\" data-widget_type=\"heading.default\">\n\t\t\t\t<div class=\"elementor-widget-container\">\n\t\t\t\t\t<h5 class=\"elementor-heading-title elementor-size-default\">Mailchimp<\/h5>\t\t\t\t<\/div>\n\t\t\t\t<\/div>\n\t\t\t\t<div class=\"elementor-element elementor-element-f24a40f elementor-widget elementor-widget-text-editor\" data-id=\"f24a40f\" data-element_type=\"widget\" data-e-type=\"widget\" data-widget_type=\"text-editor.default\">\n\t\t\t\t<div class=\"elementor-widget-container\">\n\t\t\t\t\t\t\t\t\tWenn Sie sich f\u00fcr unseren Newsletter, eine Schulung oder eine Veranstaltung bei SilverFit anmelden, tun Sie dies \u00fcber ein von Mailchimp bereitgestelltes Formular. Wir k\u00f6nnen die Daten, die Sie hier hinterlassen, verwenden, um Ihnen gezielte Informationen \u00fcber das zu senden, was Sie \u00fcber das Formular angemeldet haben. Weitere Informationen \u00fcber die Richtlinien von Mailchimp finden Sie <a href=\"https:\/\/mailchimp.com\/legal\/data-processing-addendum\/\" target=\"_blank\" rel=\"noopener\">hier<\/a>. Wenn wir Ihnen einen Newsletter \u00fcber Mailchimp schicken, werden wir benachrichtigt, wenn Sie ihn ge\u00f6ffnet haben. Wir k\u00f6nnen auch sehen, welche Artikel von Ihnen angesehen werden. Dies hilft uns, die Informationen, die wir Ihnen schicken, zu verbessern.\t\t\t\t\t\t\t\t<\/div>\n\t\t\t\t<\/div>\n\t\t\t\t<\/div>\n\t\t<div class=\"elementor-element elementor-element-6bb1d88 e-con-full e-flex e-con e-child\" data-id=\"6bb1d88\" data-element_type=\"container\" data-e-type=\"container\">\n\t\t\t\t<div class=\"elementor-element elementor-element-73189fd elementor-widget elementor-widget-heading\" data-id=\"73189fd\" data-element_type=\"widget\" data-e-type=\"widget\" data-widget_type=\"heading.default\">\n\t\t\t\t<div class=\"elementor-widget-container\">\n\t\t\t\t\t<h5 class=\"elementor-heading-title elementor-size-default\">Social Media<\/h5>\t\t\t\t<\/div>\n\t\t\t\t<\/div>\n\t\t\t\t<div class=\"elementor-element elementor-element-8a63ef2 elementor-widget elementor-widget-text-editor\" data-id=\"8a63ef2\" data-element_type=\"widget\" data-e-type=\"widget\" data-widget_type=\"text-editor.default\">\n\t\t\t\t<div class=\"elementor-widget-container\">\n\t\t\t\t\t\t\t\t\tWir m\u00f6chten es Ihnen so einfach wie m\u00f6glich machen, die Inhalte unserer Website \u00fcber soziale Medien zu teilen. Dies kann \u00fcber eine Reihe von Social Media Buttons geschehen. Wir haben die Schaltfl\u00e4chen der folgenden Social-Media-Kan\u00e4le platziert. Bitte lesen Sie die Datenschutzerkl\u00e4rungen der jeweiligen Social-Media-Kan\u00e4le, um zu erfahren, wie sie mit dem Datenschutz umgehen. Wir helfen Ihnen auf Ihrem Weg, indem wir die Links zu den verschiedenen Datenschutzerkl\u00e4rungen unten weitergeben: <a href=\"https:\/\/www.facebook.com\/privacy\/policy\/?entry_point=data_policy_redirect&amp;entry=0\" target=\"_blank\" rel=\"noopener\">Facebook<\/a>, <a href=\"https:\/\/nl.linkedin.com\/legal\/privacy-policy?\" target=\"_blank\" rel=\"noopener\">LinkedIn<\/a>. Wenn Sie Kommentare auf SilverFit&#8217;s Social-Media-Seiten schreiben, sind wir Ihnen sehr dankbar. Diese Kommentare sind \u00f6ffentlich und k\u00f6nnen in der Regel von jedem gelesen werden. Wenn Sie einen solchen Kommentar bedauern, k\u00f6nnen Sie ihn auch selbst l\u00f6schen.\t\t\t\t\t\t\t\t<\/div>\n\t\t\t\t<\/div>\n\t\t\t\t<\/div>\n\t\t<div class=\"elementor-element elementor-element-6ad1452 e-con-full e-flex e-con e-child\" data-id=\"6ad1452\" data-element_type=\"container\" data-e-type=\"container\">\n\t\t\t\t<div class=\"elementor-element elementor-element-08644fd elementor-widget elementor-widget-heading\" data-id=\"08644fd\" data-element_type=\"widget\" data-e-type=\"widget\" data-widget_type=\"heading.default\">\n\t\t\t\t<div class=\"elementor-widget-container\">\n\t\t\t\t\t<h5 class=\"elementor-heading-title elementor-size-default\">Deaktivierung oder L\u00f6schung von Cookies<\/h5>\t\t\t\t<\/div>\n\t\t\t\t<\/div>\n\t\t\t\t<div class=\"elementor-element elementor-element-eb68c51 elementor-widget elementor-widget-text-editor\" data-id=\"eb68c51\" data-element_type=\"widget\" data-e-type=\"widget\" data-widget_type=\"text-editor.default\">\n\t\t\t\t<div class=\"elementor-widget-container\">\n\t\t\t\t\t\t\t\t\tM\u00f6chten Sie Cookies deaktivieren oder l\u00f6schen? Sie k\u00f6nnen dies \u00fcber die Einstellungen Ihres Browsers tun. Verwenden Sie gegebenenfalls die Hilfefunktion Ihres Browsers, um herauszufinden, wie Sie dies tun k\u00f6nnen. Weitere Erkl\u00e4rungen zur Deaktivierung von Cookies finden Sie auf der Website <a href=\"https:\/\/www.youronlinechoices.com\/be-nl\/\" target=\"_blank\" rel=\"noopener\">Your Online Choices<\/a>.\t\t\t\t\t\t\t\t<\/div>\n\t\t\t\t<\/div>\n\t\t\t\t<\/div>\n\t\t<div class=\"elementor-element elementor-element-4dfd575 e-con-full e-flex e-con e-child\" data-id=\"4dfd575\" data-element_type=\"container\" data-e-type=\"container\">\n\t\t\t\t<div class=\"elementor-element elementor-element-3587a93 elementor-widget elementor-widget-heading\" data-id=\"3587a93\" data-element_type=\"widget\" data-e-type=\"widget\" data-widget_type=\"heading.default\">\n\t\t\t\t<div class=\"elementor-widget-container\">\n\t\t\t\t\t<h5 class=\"elementor-heading-title elementor-size-default\">Links<\/h5>\t\t\t\t<\/div>\n\t\t\t\t<\/div>\n\t\t\t\t<div class=\"elementor-element elementor-element-4824bf8 elementor-widget elementor-widget-text-editor\" data-id=\"4824bf8\" data-element_type=\"widget\" data-e-type=\"widget\" data-widget_type=\"text-editor.default\">\n\t\t\t\t<div class=\"elementor-widget-container\">\n\t\t\t\t\t\t\t\t\t<p>Auf unserer Website finden Sie Links zu externen Websites. Wenn Sie auf einen Link klicken, gelangen Sie auf eine Website au\u00dferhalb von SilverFit. Diese externen Websites k\u00f6nnen Cookies verwenden. Bitte beachten Sie die Cookie- oder Datenschutzbestimmungen der jeweiligen Website.<\/p>\t\t\t\t\t\t\t\t<\/div>\n\t\t\t\t<\/div>\n\t\t\t\t<\/div>\n\t\t\t\t\t<\/div>\n\t\t\t\t<\/div>\n\t\t\t\t<\/div>\n\t\t","protected":false},"excerpt":{"rendered":"<p>Cookie-Richtlinie von SilverFit Zuletzt aktualisiert: 23 januari, 2025 Was sind Cookies? Ein Cookie ist eine kleine Textdatei, die eine Website auf der Festplatte Ihres Computers, Laptops, Tablets oder Smartphones ablegt, sobald Sie eine Website besuchen. Es gibt 3 Kategorien von Cookies: Funktionale Cookies: Diese sorgen daf\u00fcr, dass unsere Website ordnungsgem\u00e4\u00df funktioniert (z. B. m\u00fcssen Sie [&hellip;]<\/p>\n","protected":false},"author":1,"featured_media":0,"parent":0,"menu_order":0,"comment_status":"closed","ping_status":"closed","template":"","meta":{"footnotes":""},"categories":[],"class_list":["post-5794","page","type-page","status-publish","hentry"],"_links":{"self":[{"href":"https:\/\/www.silverfit.com\/de\/wp-json\/wp\/v2\/pages\/5794","targetHints":{"allow":["GET"]}}],"collection":[{"href":"https:\/\/www.silverfit.com\/de\/wp-json\/wp\/v2\/pages"}],"about":[{"href":"https:\/\/www.silverfit.com\/de\/wp-json\/wp\/v2\/types\/page"}],"author":[{"embeddable":true,"href":"https:\/\/www.silverfit.com\/de\/wp-json\/wp\/v2\/users\/1"}],"replies":[{"embeddable":true,"href":"https:\/\/www.silverfit.com\/de\/wp-json\/wp\/v2\/comments?post=5794"}],"version-history":[{"count":0,"href":"https:\/\/www.silverfit.com\/de\/wp-json\/wp\/v2\/pages\/5794\/revisions"}],"wp:attachment":[{"href":"https:\/\/www.silverfit.com\/de\/wp-json\/wp\/v2\/media?parent=5794"}],"wp:term":[{"taxonomy":"category","embeddable":true,"href":"https:\/\/www.silverfit.com\/de\/wp-json\/wp\/v2\/categories?post=5794"}],"curies":[{"name":"wp","href":"https:\/\/api.w.org\/{rel}","templated":true}]}}